{"id":1768,"date":"2021-12-06T21:15:27","date_gmt":"2021-12-07T02:15:27","guid":{"rendered":"https:\/\/imeka.ca\/accueil\/"},"modified":"2026-03-06T13:58:44","modified_gmt":"2026-03-06T18:58:44","slug":"accueil","status":"publish","type":"page","link":"https:\/\/imeka.ca\/fr\/","title":{"rendered":"Accueil"},"content":{"rendered":"<section id=\"block-b40c7759bcc8ec79939231c3f318774f\" class=\"block hero-main\" data-watch>\n\t\t\t<div class=\"background-wrapper\" style=\"background-image: url(https:\/\/imeka.ca\/app\/uploads\/2022\/01\/700-x-1081_Header_homepage_2x-1.jpg);\" title=\"Plong\u00e9e en profondeur et cerveau\"><\/div>\n\t\t<div class=\"container\">\n\t\t<div class=\"hero-main-inner\">\n\t\t\t<div class=\"home-title-container\">\n<h1>Plongez dans l&#8217;imagerie du cerveau<\/h1>\n<p>Imeka<sup>MC<\/sup> vous permet de voir la mati\u00e8re blanche comme vous ne l\u2019avez jamais vue auparavant\n<\/div>\n\n\t\t<\/div>\n\t<\/div>\n<\/section>\n\n<section id=\"block-ee825eb1613c4de12335fc1fe15be586\" class=\"block content-simple block__spacing-top-100 block__spacing-bottom-100 content-simple__theme-teal sub-hero-main-container rounded-img next-rounded-top-section\" data-watch>\n\t\t<div class=\"container\">\n\t\t<div class=\"content-simple-inner common-text\">\n\t\t\t<div class=\"sub-hero-main row\">\n<div class=\"sub-hero-main-left col-lg-6\">\n<h2><strong>Enfin! Une imagerie par tenseur de diffusion (DTI)<\/strong> <em>de grande qualit\u00e9<\/em> <strong>pour un usage clinique.<\/strong><\/h2>\n<\/div>\n<div class=\"sub-hero-main-right col-lg-6\">En combinant <strong>l\u2019imagerie de la mati\u00e8re blanche avanc\u00e9e et l\u2019IA,<\/strong> le logiciel clinique d\u2019Imeka appel\u00e9 ANDI, qui permet de cr\u00e9er un rapport DTI approuv\u00e9 par la FDA (510[k]), analyse la mati\u00e8re blanche avec pr\u00e9cision. <strong>Et cette technologie est \u00e0 votre disposition!<\/strong><br \/>\n<a class=\"button button__arrow\" href=\"https:\/\/imeka.ca\/fr\/andi\/\">D\u00e9couvrez ANDI<sup>MC<\/sup><\/a><\/div>\n<\/div>\n\n\t\t<\/div>\n\t<\/div>\n<\/section>\n\n<section id=\"block-476af033b1b422b2ce4f482d326ceeef\" class=\"block content-simple block__spacing-top-100 block__spacing-bottom-100 content-simple__theme-white only-dti-container rounded-img rounded-top-section\" data-watch>\n\t\t<div class=\"container\">\n\t\t<div class=\"content-simple-inner common-text\">\n\t\t\t<div class=\"only-dti-section row align-items-center\">\n<div class=\"only-dti-left col-lg-6\">\n<h2>Un rapport <em>DTI<\/em> <strong>complet.<\/strong><\/h2>\n<p>Passez de <strong>donn\u00e9es brutes \u00e0 un rapport complet avec ANDI<\/strong>. Notre logiciel clinique quantitatif exclusif, enti\u00e8rement automatis\u00e9 et valid\u00e9, effectue toutes les \u00e9tapes n\u00e9cessaires pour cr\u00e9er un rapport simplifi\u00e9 pr\u00eat \u00e0 \u00eatre utilis\u00e9 en clinique.<\/p>\n<p><a class=\"button button__arrow\" href=\"https:\/\/imeka.ca\/fr\/contactez-nous\/\">R\u00e9servez une d\u00e9mo<\/a><\/p>\n<\/div>\n<div class=\"only-dti-right col-lg-6 text-center text-lg-right mt-5 mt-lg-0\"><img decoding=\"async\" src=\"https:\/\/imeka.ca\/app\/uploads\/2024\/10\/02-Image_BookDemo.png\" alt=\"Imagerie par tenseur de diffusion\" \/><\/div>\n<\/div>\n\n\t\t<\/div>\n\t<\/div>\n<\/section>\n\n<section id=\"block-140b32b9957187def55dc33ee2b54d79\" class=\"block content-simple block__spacing-top-100 block__spacing-bottom-100 content-simple__theme-darker-blue proven-science-container rounded-img rounded-top-section\" data-watch>\n\t\t<div class=\"container\">\n\t\t<div class=\"content-simple-inner common-text\">\n\t\t\t<div class=\"proven-science-section row align-items-center\">\n<div class=\"col-lg-12 text-center\">\n<h2><em>Donn\u00e9es scientifiques<\/em> <strong>probantes.<\/strong><br \/>\n<em>Technologie<\/em> <strong>\u00e9prouv\u00e9e.<\/strong><\/h2>\n<glwrap>Notre logiciel clinique valid\u00e9 est appuy\u00e9 par des ann\u00e9es de recherche et de d\u00e9veloppement men\u00e9s en collaboration avec des fabricants d\u2019appareils d\u2019IRM et des entreprises pharmaceutiques d&#8217;exp\u00e9rience. Nous sommes d\u00e9termin\u00e9s \u00e0 poursuivre le d\u00e9veloppement d\u2019ANDI et la validation de biomarqueurs novateurs afin de pousser toujours plus loin l\u2019avancement de notre outil clinique.<\/glwrap>\n<p><a class=\"button button__arrow button__light\" href=\"https:\/\/imeka.ca\/fr\/futurs-produits\/\">Apprenez-en plus<\/a><\/p>\n<\/div>\n<\/div>\n\n\t\t<\/div>\n\t<\/div>\n<\/section>\n\n<section id=\"block-69289db0d411e21dba32c9a45f97f73a\" class=\"block content-simple block__spacing-top-100 block__spacing-bottom-100 content-simple__theme-white experts-white-matter-container rounded-img rounded-top-section\" data-watch>\n\t\t<div class=\"container\">\n\t\t<div class=\"content-simple-inner common-text\">\n\t\t\t<div class=\"experts-white-matter-section row align-items-center\">\n<div class=\"experts-white-matter-left col-lg-6\"><img decoding=\"async\" src=\"https:\/\/imeka.ca\/app\/uploads\/2024\/08\/3-Image_WhiteMatterExpert-848x1024.png\" alt=\"Coll\u00e8gues travaillant ensemble\" \/><\/div>\n<div class=\"experts-white-matter-right col-lg-6 mt-5 mt-lg-0\">\n<h2><strong>Nous sommes des experts de la<\/strong> <em>mati\u00e8re blanche.<\/em><\/h2>\n<p>Neuro-inflammation. Int\u00e9grit\u00e9 axonale. Int\u00e9grit\u00e9 de la my\u00e9line. <strong>Sant\u00e9 de la mati\u00e8re blanche.<\/strong> Nous voyons tout cela et plus encore avec pr\u00e9cision. Fiez-vous \u00e0 notre expertise dans les domaines suivants : traumatismes cr\u00e2niens, maladie d\u2019Alzheimer, scl\u00e9rose en plaques, ainsi que d\u2019autres maladies touchant la mati\u00e8re blanche.<br \/>\n<a class=\"button button__arrow\" href=\"https:\/\/imeka.ca\/fr\/a-propos\/\">\u00c0 propos d\u2019Imeka<sup>MC<\/sup><\/a><\/p>\n<\/div>\n<\/div>\n\n\t\t<\/div>\n\t<\/div>\n<\/section>\n\n<section id=\"block-5cbd86bdfb5711f55dcf281921d0d41e\" class=\"block news-swiper block__spacing-top-100 block__spacing-bottom-100 content-simple__theme-teal home-news-container rounded-top-section\">\n\t<div class=\"container news\">\n\t\t<div class=\"row\">\n\t\t\t<div class=\"col\">\n\t\t\t\t<h2 class=\"news-section-title\">Nouvelles et mises \u00e0 jour<\/h2>\n\t\t\t<\/div>\n\t\t<\/div>\n\t<\/div>\n\t<div class=\"container-fluid slider-column\">\n\t\t<div class=\"swiper swiper-slider\">\n\t\t\t<div class=\"swiper-wrapper\">\n\t\t\t\t\t\t\t\t\t<div class=\"swiper-slide\">\n\t\t\t\t\t\t<div id=\"news-6489\" class=\"news-col\">\n\t\t\t\t\t\t\t<div class=\"news-post-image mb-4 mb-lg-0\">\n\t\t\t\t\t\t\t\t<img decoding=\"async\" src=\"https:\/\/imeka.ca\/app\/uploads\/2025\/11\/IMG_7525-scaled.jpeg\" alt=\"\" class=\"block-news-image\"\/>\n\t\t\t\t\t\t\t<\/div>\n\t\t\t\t\t\t\t<div class=\"news-post-content-container  flex-grow-1 d-flex flex-column\">\n\t\t\t\t\t\t\t\t\t\t\t\t\t\t\t\t\t<div class=\"news-post-content\">\n\t\t\t\t\t\t\t\t\t\t<h2>Nous serons \u00e0 la conf\u00e9rence annuelle de la RSNA cette ann\u00e9e! Venez nous voir au kiosque\u00a0#5440<\/h2>\n\t\t\t\t\t\t\t\t\t\t<!-- wp:paragraph -->\n<p>Vous pourrez nous rencontrer \u00e0 la conf\u00e9rence annuelle de la RSNA, qui aura lieu \u00e0 Chicago du 1<sup>er<\/sup> au 5\u00a0d\u00e9cembre\u00a02024. Nous y serons pour discuter de l\u2019IRM quantitative et pr\u00e9senter notre nouvelle technologie avanc\u00e9e\u00a0: ANDI.<\/p>\n<!-- \/wp:paragraph -->\n\t\t\t\t\t\t\t\t\t<\/div>\n\t\t\t\t\t\t\t\t\t<a class=\"button button__arrow news-read-more button__darker-blue\" href=\"https:\/\/calendar.app.google\/vMPhWXvvymXcF1P19\"  target=\"_blank\" >Apprenez-en plus&#8230;<\/a>\n\t\t\t\t\t\t\t\t\t\t\t\t\t\t\t\t<\/div>\n\t\t\t\t\t\t<\/div>\n\t\t\t\t\t<\/div>\n\t\t\t\t\t\t\t\t\t<div class=\"swiper-slide\">\n\t\t\t\t\t\t<div id=\"news-2430\" class=\"news-col\">\n\t\t\t\t\t\t\t<div class=\"news-post-image mb-4 mb-lg-0\">\n\t\t\t\t\t\t\t\t<img decoding=\"async\" src=\"https:\/\/imeka.ca\/app\/uploads\/2024\/08\/3-Image_VisitBooth-e1730824960715.png\" alt=\"Photo du kiosque au RSNA 2023\" class=\"block-news-image\"\/>\n\t\t\t\t\t\t\t<\/div>\n\t\t\t\t\t\t\t<div class=\"news-post-content-container  flex-grow-1 d-flex flex-column\">\n\t\t\t\t\t\t\t\t\t\t\t\t\t\t\t\t\t<div class=\"news-post-content\">\n\t\t\t\t\t\t\t\t\t\t<h2>Nous serons \u00e0 la conf\u00e9rence annuelle de la RSNA cette ann\u00e9e! Venez nous voir au kiosque\u00a0#5440<\/h2>\n\t\t\t\t\t\t\t\t\t\t<!-- wp:paragraph -->\n<p>Vous pourrez nous rencontrer \u00e0 la conf\u00e9rence annuelle de la RSNA, qui aura lieu \u00e0 Chicago du 1<sup>er<\/sup> au 5\u00a0d\u00e9cembre\u00a02024. Nous y serons pour discuter de l\u2019IRM quantitative et pr\u00e9senter notre nouvelle technologie avanc\u00e9e\u00a0: ANDI.<\/p>\n<!-- \/wp:paragraph -->\n\t\t\t\t\t\t\t\t\t<\/div>\n\t\t\t\t\t\t\t\t\t<a class=\"button button__arrow news-read-more button__darker-blue\" href=\"https:\/\/www.asnr.org\/asnr-2025-annual-meeting\/\"  target=\"_blank\" >Apprenez-en plus&#8230;<\/a>\n\t\t\t\t\t\t\t\t\t\t\t\t\t\t\t\t<\/div>\n\t\t\t\t\t\t<\/div>\n\t\t\t\t\t<\/div>\n\t\t\t\t\t\t\t\t\t<div class=\"swiper-slide\">\n\t\t\t\t\t\t<div id=\"news-3200\" class=\"news-col\">\n\t\t\t\t\t\t\t<div class=\"news-post-image mb-4 mb-lg-0\">\n\t\t\t\t\t\t\t\t<img decoding=\"async\" src=\"https:\/\/imeka.ca\/app\/uploads\/2024\/10\/brain_scan_newsheader.png\" alt=\"Imagerie du cerveau: Fibres c\u00e9r\u00e9brales orange et roses\" class=\"block-news-image\"\/>\n\t\t\t\t\t\t\t<\/div>\n\t\t\t\t\t\t\t<div class=\"news-post-content-container  flex-grow-1 d-flex flex-column\">\n\t\t\t\t\t\t\t\t\t\t\t\t\t\t\t\t\t<div class=\"news-post-content\">\n\t\t\t\t\t\t\t\t\t\t<h2>La technologie d\u2019Imeka en vedette dans une nouvelle publication<\/h2>\n\t\t\t\t\t\t\t\t\t\t<!-- wp:paragraph -->\n<p>Un article ind\u00e9pendant, intitul\u00e9 \u00ab\u00a0Predicting recovery in patients with mild traumatic brain injury and a normal CT using serum biomarkers and diffusion tensor imaging (CENTER-TBI): an observational cohort study\u00a0\u00bb (Pr\u00e9diction du r\u00e9tablissement chez les patients pr\u00e9sentant un traumatisme cr\u00e2nien l\u00e9ger et des r\u00e9sultats normaux \u00e0 l\u2019examen de TDM r\u00e9alis\u00e9 avec des biomarqueurs s\u00e9riques et l\u2019imagerie par tenseur de diffusion [CENTER-TBI] : \u00e9tude de cohorte et d\u2019observation), a r\u00e9cemment \u00e9t\u00e9 publi\u00e9 dans <em>eClinicalMedicine<\/em>, qui fait partie de <em>The Lancet Discovery Science<\/em>.<\/p>\n<!-- \/wp:paragraph -->\n\n<!-- wp:paragraph -->\n<p><\/p>\n<!-- \/wp:paragraph -->\n\t\t\t\t\t\t\t\t\t<\/div>\n\t\t\t\t\t\t\t\t\t<a class=\"button button__arrow news-read-more button__darker-blue\" href=\"https:\/\/www.thelancet.com\/journals\/eclinm\/article\/PIIS2589-5370(24)00330-4\/fulltext\"  target=\"_blank\" >Lire l&#8217;article<\/a>\n\t\t\t\t\t\t\t\t\t\t\t\t\t\t\t\t<\/div>\n\t\t\t\t\t\t<\/div>\n\t\t\t\t\t<\/div>\n\t\t\t\t\t\t\t\t\t<div class=\"swiper-slide\">\n\t\t\t\t\t\t<div id=\"news-2427\" class=\"news-col\">\n\t\t\t\t\t\t\t<div class=\"news-post-image mb-4 mb-lg-0\">\n\t\t\t\t\t\t\t\t<img decoding=\"async\" src=\"https:\/\/imeka.ca\/app\/uploads\/2024\/08\/2-Image_Brain.png\" alt=\"Imagerie par tenseur de diffusion\" class=\"block-news-image\"\/>\n\t\t\t\t\t\t\t<\/div>\n\t\t\t\t\t\t\t<div class=\"news-post-content-container  flex-grow-1 d-flex flex-column\">\n\t\t\t\t\t\t\t\t\t\t\t\t\t\t\t\t\t<div class=\"news-post-content\">\n\t\t\t\t\t\t\t\t\t\t<h2>La technologie ANDI en vedette dans une nouvelle publication<\/h2>\n\t\t\t\t\t\t\t\t\t\t<!-- wp:paragraph -->\n<p>Un article scientifique ind\u00e9pendant portant sur la technologie ANDI a \u00e9t\u00e9 publi\u00e9 dans <em>BMC Neurology<\/em> par le docteur\u00a0Cyrus\u00a0Raji et son \u00e9quipe, de l\u2019\u00c9cole de m\u00e9decine\u00a0de l\u2019Universit\u00e9 de Washington.<\/p>\n<!-- \/wp:paragraph -->\n\n<!-- wp:paragraph -->\n<p><\/p>\n<!-- \/wp:paragraph -->\n\t\t\t\t\t\t\t\t\t<\/div>\n\t\t\t\t\t\t\t\t\t<a class=\"button button__arrow news-read-more button__darker-blue\" href=\"https:\/\/bmcneurol.biomedcentral.com\/articles\/10.1186\/s12883-024-03745-6\"  target=\"_blank\" >Lire l\u2019article<\/a>\n\t\t\t\t\t\t\t\t\t\t\t\t\t\t\t\t<\/div>\n\t\t\t\t\t\t<\/div>\n\t\t\t\t\t<\/div>\n\t\t\t\t\t\t\t<\/div>\n\t\t\t<div class=\"container\">\n\t\t\t\t<div class=\"row\">\n\t\t\t\t\t<div class=\"col d-flex justify-content-center mt-5\">\n\t\t\t\t\t\t<div class=\"swiper-button-prev\">\n\t\t\t\t\t\t\t<svg xmlns=\"http:\/\/www.w3.org\/2000\/svg\" width=\"16\" height=\"16\" fill=\"currentColor\" class=\"bi bi-arrow-left\" viewbox=\"0 0 16 16\">\n\t\t\t\t\t\t\t\t<path fill-rule=\"evenodd\" d=\"M15 8a.5.5 0 0 0-.5-.5H2.707l3.147-3.146a.5.5 0 1 0-.708-.708l-4 4a.5.5 0 0 0 0 .708l4 4a.5.5 0 0 0 .708-.708L2.707 8.5H14.5A.5.5 0 0 0 15 8\"\/>\n\t\t\t\t\t\t\t<\/svg>\n\t\t\t\t\t\t<\/div>\n\t\t\t\t\t\t<span class=\"swiper-pagination\"><\/span>\n\t\t\t\t\t\t<div class=\"swiper-button-next\">\n\t\t\t\t\t\t\t<svg xmlns=\"http:\/\/www.w3.org\/2000\/svg\" width=\"16\" height=\"16\" fill=\"currentColor\" class=\"bi bi-arrow-right\" viewbox=\"0 0 16 16\">\n\t\t\t\t\t\t\t\t<path fill-rule=\"evenodd\" d=\"M1 8a.5.5 0 0 1 .5-.5h11.793l-3.147-3.146a.5.5 0 0 1 .708-.708l4 4a.5.5 0 0 1 0 .708l-4 4a.5.5 0 0 1-.708-.708L13.293 8.5H1.5A.5.5 0 0 1 1 8\"\/>\n\t\t\t\t\t\t\t<\/svg>\n\t\t\t\t\t\t<\/div>\n\t\t\t\t\t<\/div>\n\t\t\t\t<\/div>\n\t\t\t<\/div>\n\t\t<\/div>\n\t<\/div>\n<\/section>\n\n\n<section id=\"block-d4f75b73676ef573ed2fd17dc6fcd3be\" class=\"block content-simple block__spacing-top-100 block__spacing-bottom-75 content-simple__theme-new-teal work-together-container rounded-top-section\" data-watch>\n\t\t<div class=\"container\">\n\t\t<div class=\"content-simple-inner common-text\">\n\t\t\t<div class=\"work-together-section row\">\n<div class=\"work-together-left col-lg-6\">\n<h2>Travaillons <em> ensemble!<\/em><\/h2>\n<\/div>\n<div class=\"work-together-right col-lg-6\"><strong>Notre objectif est d\u2019aider les cliniciens \u00e0 am\u00e9liorer la vie de leurs patients, une image \u00e0 la fois. Voyons comment ANDI peut profiter \u00e0 vos patients.<\/strong><br \/>\n<a class=\"button button__arrow\" href=\"https:\/\/imeka.ca\/fr\/contactez-nous\/\">Contactez-nous<\/a>\n<\/div>\n<\/div>\n\n\t\t<\/div>\n\t<\/div>\n<\/section>","protected":false},"excerpt":{"rendered":"","protected":false},"author":1,"featured_media":0,"parent":0,"menu_order":0,"comment_status":"closed","ping_status":"closed","template":"","meta":{"_acf_changed":true,"inline_featured_image":false,"footnotes":""},"class_list":["post-1768","page","type-page","status-publish","hentry"],"acf":[],"yoast_head":"<!-- This site is optimized with the Yoast SEO plugin v23.9 - https:\/\/yoast.com\/wordpress\/plugins\/seo\/ -->\n<title>Nous sommes des sp\u00e9cialistes de l\u2019imagerie c\u00e9r\u00e9brale \u2013 Imeka<\/title>\n<meta name=\"description\" content=\"Apprenez-en plus sur ANDI, le logiciel clinique novateur d\u2019Imeka approuv\u00e9 par la FDA (510[k]) qui combine mati\u00e8re blanche et IA.\" \/>\n<meta name=\"robots\" content=\"index, follow, max-snippet:-1, max-image-preview:large, max-video-preview:-1\" \/>\n<link rel=\"canonical\" href=\"https:\/\/imeka.ca\/fr\/\" \/>\n<meta property=\"og:locale\" content=\"fr_FR\" \/>\n<meta property=\"og:type\" content=\"article\" \/>\n<meta property=\"og:title\" content=\"Nous sommes des sp\u00e9cialistes de l\u2019imagerie c\u00e9r\u00e9brale \u2013 Imeka\" \/>\n<meta property=\"og:description\" content=\"Apprenez-en plus sur ANDI, le logiciel clinique novateur d\u2019Imeka approuv\u00e9 par la FDA (510[k]) qui combine mati\u00e8re blanche et IA.\" \/>\n<meta property=\"og:url\" content=\"https:\/\/imeka.ca\/fr\/\" \/>\n<meta property=\"og:site_name\" content=\"Imeka\" \/>\n<meta property=\"article:modified_time\" content=\"2026-03-06T18:58:44+00:00\" \/>\n<meta property=\"og:image\" content=\"https:\/\/imeka.ca\/app\/uploads\/2022\/01\/700-x-1081_Header_homepage_2x-1.jpg\" \/>\n\t<meta property=\"og:image:width\" content=\"1400\" \/>\n\t<meta property=\"og:image:height\" content=\"2162\" \/>\n\t<meta property=\"og:image:type\" content=\"image\/jpeg\" \/>\n<meta name=\"twitter:card\" content=\"summary_large_image\" \/>\n<script type=\"application\/ld+json\" class=\"yoast-schema-graph\">{\"@context\":\"https:\/\/schema.org\",\"@graph\":[{\"@type\":\"WebPage\",\"@id\":\"https:\/\/imeka.ca\/fr\/\",\"url\":\"https:\/\/imeka.ca\/fr\/\",\"name\":\"Nous sommes des sp\u00e9cialistes de l\u2019imagerie c\u00e9r\u00e9brale \u2013 Imeka\",\"isPartOf\":{\"@id\":\"https:\/\/imeka.ca\/fr\/#website\"},\"datePublished\":\"2021-12-07T02:15:27+00:00\",\"dateModified\":\"2026-03-06T18:58:44+00:00\",\"description\":\"Apprenez-en plus sur ANDI, le logiciel clinique novateur d\u2019Imeka approuv\u00e9 par la FDA (510[k]) qui combine mati\u00e8re blanche et IA.\",\"breadcrumb\":{\"@id\":\"https:\/\/imeka.ca\/fr\/#breadcrumb\"},\"inLanguage\":\"fr-FR\",\"potentialAction\":[{\"@type\":\"ReadAction\",\"target\":[\"https:\/\/imeka.ca\/fr\/\"]}]},{\"@type\":\"BreadcrumbList\",\"@id\":\"https:\/\/imeka.ca\/fr\/#breadcrumb\",\"itemListElement\":[{\"@type\":\"ListItem\",\"position\":1,\"name\":\"Home\",\"item\":\"https:\/\/imeka.ca\/fr\/\"},{\"@type\":\"ListItem\",\"position\":2,\"name\":\"Accueil\"}]},{\"@type\":\"WebSite\",\"@id\":\"https:\/\/imeka.ca\/fr\/#website\",\"url\":\"https:\/\/imeka.ca\/fr\/\",\"name\":\"Imeka\",\"description\":\"\",\"potentialAction\":[{\"@type\":\"SearchAction\",\"target\":{\"@type\":\"EntryPoint\",\"urlTemplate\":\"https:\/\/imeka.ca\/fr\/?s={search_term_string}\"},\"query-input\":{\"@type\":\"PropertyValueSpecification\",\"valueRequired\":true,\"valueName\":\"search_term_string\"}}],\"inLanguage\":\"fr-FR\"}]}<\/script>\n<!-- \/ Yoast SEO plugin. -->","yoast_head_json":{"title":"Nous sommes des sp\u00e9cialistes de l\u2019imagerie c\u00e9r\u00e9brale \u2013 Imeka","description":"Apprenez-en plus sur ANDI, le logiciel clinique novateur d\u2019Imeka approuv\u00e9 par la FDA (510[k]) qui combine mati\u00e8re blanche et IA.","robots":{"index":"index","follow":"follow","max-snippet":"max-snippet:-1","max-image-preview":"max-image-preview:large","max-video-preview":"max-video-preview:-1"},"canonical":"https:\/\/imeka.ca\/fr\/","og_locale":"fr_FR","og_type":"article","og_title":"Nous sommes des sp\u00e9cialistes de l\u2019imagerie c\u00e9r\u00e9brale \u2013 Imeka","og_description":"Apprenez-en plus sur ANDI, le logiciel clinique novateur d\u2019Imeka approuv\u00e9 par la FDA (510[k]) qui combine mati\u00e8re blanche et IA.","og_url":"https:\/\/imeka.ca\/fr\/","og_site_name":"Imeka","article_modified_time":"2026-03-06T18:58:44+00:00","og_image":[{"width":1400,"height":2162,"url":"https:\/\/imeka.ca\/app\/uploads\/2022\/01\/700-x-1081_Header_homepage_2x-1.jpg","type":"image\/jpeg"}],"twitter_card":"summary_large_image","schema":{"@context":"https:\/\/schema.org","@graph":[{"@type":"WebPage","@id":"https:\/\/imeka.ca\/fr\/","url":"https:\/\/imeka.ca\/fr\/","name":"Nous sommes des sp\u00e9cialistes de l\u2019imagerie c\u00e9r\u00e9brale \u2013 Imeka","isPartOf":{"@id":"https:\/\/imeka.ca\/fr\/#website"},"datePublished":"2021-12-07T02:15:27+00:00","dateModified":"2026-03-06T18:58:44+00:00","description":"Apprenez-en plus sur ANDI, le logiciel clinique novateur d\u2019Imeka approuv\u00e9 par la FDA (510[k]) qui combine mati\u00e8re blanche et IA.","breadcrumb":{"@id":"https:\/\/imeka.ca\/fr\/#breadcrumb"},"inLanguage":"fr-FR","potentialAction":[{"@type":"ReadAction","target":["https:\/\/imeka.ca\/fr\/"]}]},{"@type":"BreadcrumbList","@id":"https:\/\/imeka.ca\/fr\/#breadcrumb","itemListElement":[{"@type":"ListItem","position":1,"name":"Home","item":"https:\/\/imeka.ca\/fr\/"},{"@type":"ListItem","position":2,"name":"Accueil"}]},{"@type":"WebSite","@id":"https:\/\/imeka.ca\/fr\/#website","url":"https:\/\/imeka.ca\/fr\/","name":"Imeka","description":"","potentialAction":[{"@type":"SearchAction","target":{"@type":"EntryPoint","urlTemplate":"https:\/\/imeka.ca\/fr\/?s={search_term_string}"},"query-input":{"@type":"PropertyValueSpecification","valueRequired":true,"valueName":"search_term_string"}}],"inLanguage":"fr-FR"}]}},"_links":{"self":[{"href":"https:\/\/imeka.ca\/fr\/wp-json\/wp\/v2\/pages\/1768","targetHints":{"allow":["GET"]}}],"collection":[{"href":"https:\/\/imeka.ca\/fr\/wp-json\/wp\/v2\/pages"}],"about":[{"href":"https:\/\/imeka.ca\/fr\/wp-json\/wp\/v2\/types\/page"}],"author":[{"embeddable":true,"href":"https:\/\/imeka.ca\/fr\/wp-json\/wp\/v2\/users\/1"}],"replies":[{"embeddable":true,"href":"https:\/\/imeka.ca\/fr\/wp-json\/wp\/v2\/comments?post=1768"}],"version-history":[{"count":98,"href":"https:\/\/imeka.ca\/fr\/wp-json\/wp\/v2\/pages\/1768\/revisions"}],"predecessor-version":[{"id":7388,"href":"https:\/\/imeka.ca\/fr\/wp-json\/wp\/v2\/pages\/1768\/revisions\/7388"}],"wp:attachment":[{"href":"https:\/\/imeka.ca\/fr\/wp-json\/wp\/v2\/media?parent=1768"}],"curies":[{"name":"wp","href":"https:\/\/api.w.org\/{rel}","templated":true}]}}