{"id":1792,"date":"2024-04-08T01:52:17","date_gmt":"2024-04-08T06:52:17","guid":{"rendered":"https:\/\/imeka.ca\/anie\/"},"modified":"2026-03-06T13:45:00","modified_gmt":"2026-03-06T18:45:00","slug":"futurs-produits","status":"publish","type":"page","link":"https:\/\/imeka.ca\/fr\/futurs-produits\/","title":{"rendered":"Futurs produits"},"content":{"rendered":"<section id=\"block-4f74bb5cd5e36af039bd785ab1a5e56c\" class=\"block hero-main\" data-watch>\n\t\t\t<div class=\"background-wrapper\" style=\"background-image: url(https:\/\/imeka.ca\/app\/uploads\/2024\/10\/02-Image_BookDemo-1-e1729872481897.png);\" title=\"Imagerie du cerveau : fibres c\u00e9r\u00e9brales vertes, roses et mauves\"><\/div>\n\t\t<div class=\"container\">\n\t\t<div class=\"hero-main-inner\">\n\t\t\t<h1>Nous b\u00e2tissons l\u2019avenir de l\u2019imagerie c\u00e9r\u00e9brale<\/h1>\n<p>Chez Imeka<sup>MC<\/sup>, les patients sont notre priorit\u00e9. C\u2019est pourquoi nous nous engageons \u00e0 am\u00e9liorer continuellement nos outils cliniques.<\/p>\n\n\t\t<\/div>\n\t<\/div>\n<\/section>\n\n<section id=\"block-9e5c22bce43ac3a160971871790f50a6\" class=\"block tabs filters\">\n\t<div class=\"filters-content tabs-content\">\n\t\t<div class=\"container\">\n\t\t\t<div class=\"tabs-wrapper filters-wrapper\">\n\t\t\t\t<div class=\"tabs-inner filters-inner\">\n\t\t\t\t\t<div class=\"tabs-inner-wrapper filters-inner-wrapper\">\n\t\t\t\t\t\t\t\t\t\t\t\t\t<div class=\"tab-item filter-item\" data-target=\"mesurer\" data-index=\"0\"><p>Ce que nous visons \u00e0 mesurer <\/p>\n<\/div>\n\t\t\t\t\t\t\t\t\t\t\t\t\t<div class=\"tab-item filter-item\" data-target=\"developpement\" data-index=\"1\"><p>Produits en d\u00e9veloppement<\/p>\n<\/div>\n\t\t\t\t\t\t\t\t\t\t\t<\/div>\n\t\t\t\t<\/div>\n\t\t\t<\/div>\n\t\t<\/div>\n\t<\/div>\n<\/section>\n\n\n<div class=\"wp-block-group alignwide tab is-layout-constrained wp-block-group-is-layout-constrained\" id=\"mesurer\">\n<div class=\"wp-block-group alignwide background__teal  block__spacing-bottom-150 next-rounded-top-section is-layout-constrained wp-block-group-is-layout-constrained\"><section id=\"block-7b59a52a57380dd2b915a1839a330620\" class=\"block content-simple block__spacing-top-150 block__spacing-bottom-0 content-simple__theme-teal\" data-watch>\n\t\t\t<div id=\"what-we-aim-to-measure\" class=\"anchor\"><\/div>\n\t\t<div class=\"container\">\n\t\t<div class=\"content-simple-inner common-text\">\n\t\t\t<div class=\"sub-hero-main row\">\n<div class=\"sub-hero-main-left col-lg-6\">\n<h2 class=\"standard-title\"><strong>Ce que nous<\/strong> <em>visons \u00e0 mesurer<\/em><\/h2>\n<\/div>\n<div class=\"sub-hero-main-right col-lg-6\">Chez Imeka, nous faisons en sorte de devenir les pionniers de l\u2019imagerie de la mati\u00e8re blanche gr\u00e2ce \u00e0 des techniques d\u2019IRM de la mati\u00e8re blanche avanc\u00e9es et non invasives.<\/div>\n<\/div>\n\n\t\t<\/div>\n\t<\/div>\n<\/section>\n\n\t<section id=\"block-88dcaff90cb4cd798298b7f0ad10d681\" class=\"block list-pellets\" data-watch>\n\t\t<div class=\"container\">\n\t\t\t<div class=\"list-pellets-inner\">\n\t\t\t\t\t\t\t\t\t<div class=\"pellet-item-wrapper d-flex \">\n\t\t\t\t\t\t<div class=\"pellet-item\">\n\t\t\t\t\t\t\t<div class=\"image-wrapper\">\n\t\t\t\t\t\t\t\t\t\t\t\t\t\t\t\t\t<div class=\"image image--img \">\n\t\t\t\t<div class=\"frame\">\n\t\t\t\t\t<picture>\n\t\t\t\t\t\t<source srcset=\"https:\/\/imeka.ca\/app\/uploads\/2022\/01\/ANIE_116-x-116-01_2x.webp\" type=\"image\/webp\"\/>\n\t\t\t\t\t\t<img decoding=\"async\" src=\"https:\/\/imeka.ca\/app\/uploads\/2022\/01\/ANIE_116-x-116-01_2x.webp\" alt=\"Imagerie du cerveau : Fibres c\u00e9r\u00e9brales bleues, jaunes, vertes et mauves\">\n\t\t\t\t\t<\/picture>\n\t\t\t\t<\/div>\n\t\t\t<\/div>\n\t\t\t\t\t\t\t\t\t\t\t\t\t\t\t<\/div>\n\t\t\t\t\t\t\t<div class=\"content-wrapper\"><p style=\"text-align: center;\">Mesure les <strong>marqueurs cl\u00e9s<\/strong> de la neuropathologie<\/p>\n<\/div>\n\t\t\t\t\t\t<\/div>\n\t\t\t\t\t<\/div>\n\t\t\t\t\t\t\t\t\t<div class=\"pellet-item-wrapper d-flex \">\n\t\t\t\t\t\t<div class=\"pellet-item\">\n\t\t\t\t\t\t\t<div class=\"image-wrapper\">\n\t\t\t\t\t\t\t\t\t\t\t\t\t\t\t\t\t<div class=\"image image--img \">\n\t\t\t\t<div class=\"frame\">\n\t\t\t\t\t<picture>\n\t\t\t\t\t\t<source srcset=\"https:\/\/imeka.ca\/app\/uploads\/2022\/01\/ANIE_116-x-116-02_2x.webp\" type=\"image\/webp\"\/>\n\t\t\t\t\t\t<img decoding=\"async\" src=\"https:\/\/imeka.ca\/app\/uploads\/2022\/01\/ANIE_116-x-116-02_2x.webp\" alt=\"Imagerie du cerveau : fibres bleues avec taches rouges\">\n\t\t\t\t\t<\/picture>\n\t\t\t\t<\/div>\n\t\t\t<\/div>\n\t\t\t\t\t\t\t\t\t\t\t\t\t\t\t<\/div>\n\t\t\t\t\t\t\t<div class=\"content-wrapper\"><p style=\"text-align: center;\">Mesure les <strong>effets th\u00e9rapeutiques<\/strong><\/p>\n<\/div>\n\t\t\t\t\t\t<\/div>\n\t\t\t\t\t<\/div>\n\t\t\t\t\t\t\t\t\t<div class=\"pellet-item-wrapper d-flex \">\n\t\t\t\t\t\t<div class=\"pellet-item\">\n\t\t\t\t\t\t\t<div class=\"image-wrapper\">\n\t\t\t\t\t\t\t\t\t\t\t\t\t\t\t\t\t<div class=\"image image--img \">\n\t\t\t\t<div class=\"frame\">\n\t\t\t\t\t<picture>\n\t\t\t\t\t\t<source srcset=\"https:\/\/imeka.ca\/app\/uploads\/2022\/01\/ANIE_116-x-116-03_2x.webp\" type=\"image\/webp\"\/>\n\t\t\t\t\t\t<img decoding=\"async\" src=\"https:\/\/imeka.ca\/app\/uploads\/2022\/01\/ANIE_116-x-116-03_2x.webp\" alt=\"Imagerie du cerveau : Fibres vertes, jaunes et rouges\">\n\t\t\t\t\t<\/picture>\n\t\t\t\t<\/div>\n\t\t\t<\/div>\n\t\t\t\t\t\t\t\t\t\t\t\t\t\t\t<\/div>\n\t\t\t\t\t\t\t<div class=\"content-wrapper\"><p style=\"text-align: center;\">Fournit une <strong>dissection virtuelle de plus de 50 faisceaux de fibres diff\u00e9rents,<\/strong> robuste face aux croisements de fibres.<\/p>\n<\/div>\n\t\t\t\t\t\t<\/div>\n\t\t\t\t\t<\/div>\n\t\t\t\t\t\t\t<\/div>\n\t\t<\/div>\n\t<\/section>\n\n\n<section id=\"block-cf22b7c12c604a589f654c859d74f13e\" class=\"block content-simple block__spacing-top-0 block__spacing-bottom-75 content-simple__theme-teal\" data-watch>\n\t\t<div class=\"container\">\n\t\t<div class=\"content-simple-inner common-text\">\n\t\t\t<p>Notre imagerie de la mati\u00e8re blanche a pour objectif ultime de d\u00e9couvrir des marqueurs <strong>non invasifs<\/strong> qui sont sensibles \u00e0 la maladie et peuvent quantifier les l\u00e9sions et\/ou guider les modifications au traitement. <\/p>\n\n\t\t<\/div>\n\t<\/div>\n<\/section><\/div>\n<\/div>\n\n\n\n<div class=\"wp-block-group alignwide tab is-layout-constrained wp-block-group-is-layout-constrained\" id=\"developpement\"><section id=\"block-d9619d34f239b334f6fab40ec513e4a4\" class=\"block content-simple block__spacing-top-100 block__spacing-bottom-100 content-simple__theme-teal\" data-watch>\n\t\t<div class=\"container\">\n\t\t<div class=\"content-simple-inner common-text\">\n\t\t\t<div class=\"work-together-section row\">\n<div class=\"work-together-left col-lg-6\">\n<h2>Produits en <em>d\u00e9veloppement<\/em><\/h2>\n<\/div>\n<div class=\"work-together-right col-lg-6\">Et si vous pouviez localiser et mesurer l\u2019effet d\u2019un traitement avant m\u00eame de voir une diff\u00e9rence clinique? Et si vous pouviez rep\u00e9rer un sympt\u00f4me clinique dans une zone pr\u00e9cise du cerveau sans que les donn\u00e9es soient dilu\u00e9es?<br \/>\n<moved up><\/p>\n<p><strong><em>Imaginez un avenir o\u00f9 vous pourrez d\u00e9terminer le protocole de r\u00e9adaptation sp\u00e9cifique dont vos patients ont besoin pour retrouver une vie normale.<\/em><\/strong>\n<\/div>\n<\/div>\n\n\t\t<\/div>\n\t<\/div>\n<\/section>\n\n\n<div class=\"wp-block-group alignwide two-per-row block__spacing-bottom-25 block__spacing-top-50 is-layout-constrained wp-block-group-is-layout-constrained\">\t<section id=\"block-7e178b433812181292ddc16d69e1ebbd\" class=\"block list-pellets\" data-watch>\n\t\t<div class=\"container\">\n\t\t\t<div class=\"list-pellets-inner\">\n\t\t\t\t\t\t\t\t\t<div class=\"pellet-item-wrapper d-flex \">\n\t\t\t\t\t\t<div class=\"pellet-item\">\n\t\t\t\t\t\t\t<div class=\"image-wrapper\">\n\t\t\t\t\t\t\t\t\t\t\t\t\t\t\t\t\t<div class=\"image image--img \">\n\t\t\t\t<div class=\"frame\">\n\t\t\t\t\t<picture>\n\t\t\t\t\t\t<source srcset=\"https:\/\/imeka.ca\/app\/uploads\/2021\/12\/neuroinflammation-img-1.webp\" type=\"image\/webp\"\/>\n\t\t\t\t\t\t<img decoding=\"async\" src=\"https:\/\/imeka.ca\/app\/uploads\/2021\/12\/neuroinflammation-img-1.webp\" alt=\"Imagerie du cerveau : fibres c\u00e9r\u00e9brales mauves et roses\">\n\t\t\t\t\t<\/picture>\n\t\t\t\t<\/div>\n\t\t\t<\/div>\n\t\t\t\t\t\t\t\t\t\t\t\t\t\t\t<\/div>\n\t\t\t\t\t\t\t<div class=\"content-wrapper\"><p>Nous pouvons d\u00e9tecter et quantifier la <strong>neuro-inflammation<\/strong> en mesurant le volume d\u2019eau libre dans la mati\u00e8re blanche d\u2019un patient avec une grande sensibilit\u00e9 et une grande sp\u00e9cificit\u00e9.<\/p>\n<\/div>\n\t\t\t\t\t\t<\/div>\n\t\t\t\t\t<\/div>\n\t\t\t\t\t\t\t\t\t<div class=\"pellet-item-wrapper d-flex \">\n\t\t\t\t\t\t<div class=\"pellet-item\">\n\t\t\t\t\t\t\t<div class=\"image-wrapper\">\n\t\t\t\t\t\t\t\t\t\t\t\t\t\t\t\t\t<div class=\"image image--img \">\n\t\t\t\t<div class=\"frame\">\n\t\t\t\t\t<picture>\n\t\t\t\t\t\t<source srcset=\"https:\/\/imeka.ca\/app\/uploads\/2022\/01\/Cerveau_ANIE_2e.webp\" type=\"image\/webp\"\/>\n\t\t\t\t\t\t<img decoding=\"async\" src=\"https:\/\/imeka.ca\/app\/uploads\/2022\/01\/Cerveau_ANIE_2e.webp\" alt=\"Imagerie du cerveau\">\n\t\t\t\t\t<\/picture>\n\t\t\t\t<\/div>\n\t\t\t<\/div>\n\t\t\t\t\t\t\t\t\t\t\t\t\t\t\t<\/div>\n\t\t\t\t\t\t\t<div class=\"content-wrapper\"><p>Nous pouvons d\u00e9tecter l\u2019int\u00e9grit\u00e9 de la my\u00e9line en cernant l\u2019emplacement, l\u2019\u00e9tendue et le degr\u00e9 de d\u00e9my\u00e9linisation et de remy\u00e9linisation dans le cerveau d\u2019un patient. Notre logiciel clinique peut m\u00eame rep\u00e9rer la maladie dans une mati\u00e8re blanche d\u2019aspect normal. <\/p>\n<\/div>\n\t\t\t\t\t\t<\/div>\n\t\t\t\t\t<\/div>\n\t\t\t\t\t\t\t\t\t<div class=\"pellet-item-wrapper d-flex \">\n\t\t\t\t\t\t<div class=\"pellet-item\">\n\t\t\t\t\t\t\t<div class=\"image-wrapper\">\n\t\t\t\t\t\t\t\t\t\t\t\t\t\t\t\t\t<div class=\"image image--img \">\n\t\t\t\t<div class=\"frame\">\n\t\t\t\t\t<picture>\n\t\t\t\t\t\t<source srcset=\"https:\/\/imeka.ca\/app\/uploads\/2021\/12\/axional-integrity-img.webp\" type=\"image\/webp\"\/>\n\t\t\t\t\t\t<img decoding=\"async\" src=\"https:\/\/imeka.ca\/app\/uploads\/2021\/12\/axional-integrity-img.webp\" alt=\"Imagerie du cerveau : fibres c\u00e9r\u00e9brales orange\">\n\t\t\t\t\t<\/picture>\n\t\t\t\t<\/div>\n\t\t\t<\/div>\n\t\t\t\t\t\t\t\t\t\t\t\t\t\t\t<\/div>\n\t\t\t\t\t\t\t<div class=\"content-wrapper\"><p>Nous pouvons d\u00e9tecter, mesurer et caract\u00e9riser l\u2019int\u00e9grit\u00e9 axonale <strong>et la sant\u00e9 de la mati\u00e8re blanche<\/strong> en mesurant de mani\u00e8re tr\u00e8s pr\u00e9cise le mouvement de l\u2019eau libre.<\/p>\n<\/div>\n\t\t\t\t\t\t<\/div>\n\t\t\t\t\t<\/div>\n\t\t\t\t\t\t\t\t\t<div class=\"pellet-item-wrapper d-flex \">\n\t\t\t\t\t\t<div class=\"pellet-item\">\n\t\t\t\t\t\t\t<div class=\"image-wrapper\">\n\t\t\t\t\t\t\t\t\t\t\t\t\t\t\t\t\t<div class=\"image image--img \">\n\t\t\t\t<div class=\"frame\">\n\t\t\t\t\t<picture>\n\t\t\t\t\t\t<source srcset=\"https:\/\/imeka.ca\/app\/uploads\/2021\/12\/crossing-fibers-img.webp\" type=\"image\/webp\"\/>\n\t\t\t\t\t\t<img decoding=\"async\" src=\"https:\/\/imeka.ca\/app\/uploads\/2021\/12\/crossing-fibers-img.webp\" alt=\"Imagerie du cerveau : fibres c\u00e9r\u00e9brales de diff\u00e9rentes nuances de bleu\">\n\t\t\t\t\t<\/picture>\n\t\t\t\t<\/div>\n\t\t\t<\/div>\n\t\t\t\t\t\t\t\t\t\t\t\t\t\t\t<\/div>\n\t\t\t\t\t\t\t<div class=\"content-wrapper\"><p><strong>Notre technologie est robuste aux croisements de fibres.<\/strong> Nous allons au-del\u00e0 du suivi de l\u2019imagerie par tenseur de diffusion, qui suppose des trajectoires unidirectionnelles.<\/p>\n<\/div>\n\t\t\t\t\t\t<\/div>\n\t\t\t\t\t<\/div>\n\t\t\t\t\t\t\t<\/div>\n\t\t<\/div>\n\t<\/section>\n<\/div>\n\n\n<section id=\"block-6251fd6f7b864f48884b61962817e7f0\" class=\"block content-simple block__spacing-top-0 block__spacing-bottom-100 content-simple__theme-white next-rounded-top-section\" data-watch>\n\t\t<div class=\"container\">\n\t\t<div class=\"content-simple-inner common-text\">\n\t\t\t<div class=\"row\">\n<div class=\"col\">Nous continuons d\u2019innover pour mettre au point les prochaines versions d\u2019ANDI et vous fournir, \u00e0 vous et \u00e0 vos patients, une technologie novatrice.<\/div>\n<\/div>\n\n\t\t<\/div>\n\t<\/div>\n<\/section><\/div>\n\n\n<section id=\"block-efdf45bf73f5d9fbebebf9ee026c0b23\" class=\"block content-simple block__spacing-top-100 block__spacing-bottom-75 content-simple__theme-new-teal work-together-container rounded-top-section\" data-watch>\n\t\t<div class=\"container\">\n\t\t<div class=\"content-simple-inner common-text\">\n\t\t\t<div class=\"work-together-section row\">\n<div class=\"work-together-left col-lg-6\">\n<h2>Travaillons <em> ensemble!<\/em><\/h2>\n<\/div>\n<div class=\"work-together-right col-lg-6\"><strong>Notre objectif est d\u2019aider les cliniciens \u00e0 am\u00e9liorer la vie de leurs patients, une image \u00e0 la fois. Voyons comment notre technologie peut profiter \u00e0 vos patients.<\/strong><br \/>\n<a class=\"button button__arrow\" href=\"https:\/\/imeka.ca\/fr\/contactez-nous\/\">Contactez-nous <\/a>\n<\/div>\n<\/div>\n\n\t\t<\/div>\n\t<\/div>\n<\/section>","protected":false},"excerpt":{"rendered":"","protected":false},"author":4,"featured_media":0,"parent":0,"menu_order":0,"comment_status":"closed","ping_status":"closed","template":"","meta":{"_acf_changed":true,"inline_featured_image":false,"footnotes":""},"class_list":["post-1792","page","type-page","status-publish","hentry"],"acf":[],"yoast_head":"<!-- This site is optimized with the Yoast SEO plugin v23.9 - https:\/\/yoast.com\/wordpress\/plugins\/seo\/ -->\n<title>D\u00e9couvrez sur quoi nous travaillons | Imeka<\/title>\n<meta name=\"description\" content=\"Imeka a l\u2019avenir de la mati\u00e8re blanche \u00e0 c\u0153ur. Jetez un coup d\u2019\u0153il \u00e0 notre p\u00e9pini\u00e8re de produits pour parfaire votre pratique.\" \/>\n<meta name=\"robots\" content=\"index, follow, max-snippet:-1, max-image-preview:large, max-video-preview:-1\" \/>\n<link rel=\"canonical\" href=\"https:\/\/imeka.ca\/fr\/futurs-produits\/\" \/>\n<meta property=\"og:locale\" content=\"fr_FR\" \/>\n<meta property=\"og:type\" content=\"article\" \/>\n<meta property=\"og:title\" content=\"D\u00e9couvrez sur quoi nous travaillons | Imeka\" \/>\n<meta property=\"og:description\" content=\"Imeka a l\u2019avenir de la mati\u00e8re blanche \u00e0 c\u0153ur. Jetez un coup d\u2019\u0153il \u00e0 notre p\u00e9pini\u00e8re de produits pour parfaire votre pratique.\" \/>\n<meta property=\"og:url\" content=\"https:\/\/imeka.ca\/fr\/futurs-produits\/\" \/>\n<meta property=\"og:site_name\" content=\"Imeka\" \/>\n<meta property=\"article:modified_time\" content=\"2026-03-06T18:45:00+00:00\" \/>\n<meta property=\"og:image\" content=\"https:\/\/imeka.ca\/app\/uploads\/2022\/01\/700-x-1081_Header_homepage_2x-1.jpg\" \/>\n\t<meta property=\"og:image:width\" content=\"1400\" \/>\n\t<meta property=\"og:image:height\" content=\"2162\" \/>\n\t<meta property=\"og:image:type\" content=\"image\/jpeg\" \/>\n<meta name=\"twitter:card\" content=\"summary_large_image\" \/>\n<script type=\"application\/ld+json\" class=\"yoast-schema-graph\">{\"@context\":\"https:\/\/schema.org\",\"@graph\":[{\"@type\":\"WebPage\",\"@id\":\"https:\/\/imeka.ca\/fr\/futurs-produits\/\",\"url\":\"https:\/\/imeka.ca\/fr\/futurs-produits\/\",\"name\":\"D\u00e9couvrez sur quoi nous travaillons | Imeka\",\"isPartOf\":{\"@id\":\"https:\/\/imeka.ca\/fr\/#website\"},\"datePublished\":\"2024-04-08T06:52:17+00:00\",\"dateModified\":\"2026-03-06T18:45:00+00:00\",\"description\":\"Imeka a l\u2019avenir de la mati\u00e8re blanche \u00e0 c\u0153ur. Jetez un coup d\u2019\u0153il \u00e0 notre p\u00e9pini\u00e8re de produits pour parfaire votre pratique.\",\"breadcrumb\":{\"@id\":\"https:\/\/imeka.ca\/fr\/futurs-produits\/#breadcrumb\"},\"inLanguage\":\"fr-FR\",\"potentialAction\":[{\"@type\":\"ReadAction\",\"target\":[\"https:\/\/imeka.ca\/fr\/futurs-produits\/\"]}]},{\"@type\":\"BreadcrumbList\",\"@id\":\"https:\/\/imeka.ca\/fr\/futurs-produits\/#breadcrumb\",\"itemListElement\":[{\"@type\":\"ListItem\",\"position\":1,\"name\":\"Home\",\"item\":\"https:\/\/imeka.ca\/fr\/\"},{\"@type\":\"ListItem\",\"position\":2,\"name\":\"Futurs produits\"}]},{\"@type\":\"WebSite\",\"@id\":\"https:\/\/imeka.ca\/fr\/#website\",\"url\":\"https:\/\/imeka.ca\/fr\/\",\"name\":\"Imeka\",\"description\":\"\",\"potentialAction\":[{\"@type\":\"SearchAction\",\"target\":{\"@type\":\"EntryPoint\",\"urlTemplate\":\"https:\/\/imeka.ca\/fr\/?s={search_term_string}\"},\"query-input\":{\"@type\":\"PropertyValueSpecification\",\"valueRequired\":true,\"valueName\":\"search_term_string\"}}],\"inLanguage\":\"fr-FR\"}]}<\/script>\n<!-- \/ Yoast SEO plugin. -->","yoast_head_json":{"title":"D\u00e9couvrez sur quoi nous travaillons | Imeka","description":"Imeka a l\u2019avenir de la mati\u00e8re blanche \u00e0 c\u0153ur. Jetez un coup d\u2019\u0153il \u00e0 notre p\u00e9pini\u00e8re de produits pour parfaire votre pratique.","robots":{"index":"index","follow":"follow","max-snippet":"max-snippet:-1","max-image-preview":"max-image-preview:large","max-video-preview":"max-video-preview:-1"},"canonical":"https:\/\/imeka.ca\/fr\/futurs-produits\/","og_locale":"fr_FR","og_type":"article","og_title":"D\u00e9couvrez sur quoi nous travaillons | Imeka","og_description":"Imeka a l\u2019avenir de la mati\u00e8re blanche \u00e0 c\u0153ur. Jetez un coup d\u2019\u0153il \u00e0 notre p\u00e9pini\u00e8re de produits pour parfaire votre pratique.","og_url":"https:\/\/imeka.ca\/fr\/futurs-produits\/","og_site_name":"Imeka","article_modified_time":"2026-03-06T18:45:00+00:00","og_image":[{"width":1400,"height":2162,"url":"https:\/\/imeka.ca\/app\/uploads\/2022\/01\/700-x-1081_Header_homepage_2x-1.jpg","type":"image\/jpeg"}],"twitter_card":"summary_large_image","schema":{"@context":"https:\/\/schema.org","@graph":[{"@type":"WebPage","@id":"https:\/\/imeka.ca\/fr\/futurs-produits\/","url":"https:\/\/imeka.ca\/fr\/futurs-produits\/","name":"D\u00e9couvrez sur quoi nous travaillons | Imeka","isPartOf":{"@id":"https:\/\/imeka.ca\/fr\/#website"},"datePublished":"2024-04-08T06:52:17+00:00","dateModified":"2026-03-06T18:45:00+00:00","description":"Imeka a l\u2019avenir de la mati\u00e8re blanche \u00e0 c\u0153ur. Jetez un coup d\u2019\u0153il \u00e0 notre p\u00e9pini\u00e8re de produits pour parfaire votre pratique.","breadcrumb":{"@id":"https:\/\/imeka.ca\/fr\/futurs-produits\/#breadcrumb"},"inLanguage":"fr-FR","potentialAction":[{"@type":"ReadAction","target":["https:\/\/imeka.ca\/fr\/futurs-produits\/"]}]},{"@type":"BreadcrumbList","@id":"https:\/\/imeka.ca\/fr\/futurs-produits\/#breadcrumb","itemListElement":[{"@type":"ListItem","position":1,"name":"Home","item":"https:\/\/imeka.ca\/fr\/"},{"@type":"ListItem","position":2,"name":"Futurs produits"}]},{"@type":"WebSite","@id":"https:\/\/imeka.ca\/fr\/#website","url":"https:\/\/imeka.ca\/fr\/","name":"Imeka","description":"","potentialAction":[{"@type":"SearchAction","target":{"@type":"EntryPoint","urlTemplate":"https:\/\/imeka.ca\/fr\/?s={search_term_string}"},"query-input":{"@type":"PropertyValueSpecification","valueRequired":true,"valueName":"search_term_string"}}],"inLanguage":"fr-FR"}]}},"_links":{"self":[{"href":"https:\/\/imeka.ca\/fr\/wp-json\/wp\/v2\/pages\/1792","targetHints":{"allow":["GET"]}}],"collection":[{"href":"https:\/\/imeka.ca\/fr\/wp-json\/wp\/v2\/pages"}],"about":[{"href":"https:\/\/imeka.ca\/fr\/wp-json\/wp\/v2\/types\/page"}],"author":[{"embeddable":true,"href":"https:\/\/imeka.ca\/fr\/wp-json\/wp\/v2\/users\/4"}],"replies":[{"embeddable":true,"href":"https:\/\/imeka.ca\/fr\/wp-json\/wp\/v2\/comments?post=1792"}],"version-history":[{"count":62,"href":"https:\/\/imeka.ca\/fr\/wp-json\/wp\/v2\/pages\/1792\/revisions"}],"predecessor-version":[{"id":7381,"href":"https:\/\/imeka.ca\/fr\/wp-json\/wp\/v2\/pages\/1792\/revisions\/7381"}],"wp:attachment":[{"href":"https:\/\/imeka.ca\/fr\/wp-json\/wp\/v2\/media?parent=1792"}],"curies":[{"name":"wp","href":"https:\/\/api.w.org\/{rel}","templated":true}]}}