{"id":1794,"date":"2021-12-06T21:17:30","date_gmt":"2021-12-07T02:17:30","guid":{"rendered":"https:\/\/imeka.ca\/carrieres\/"},"modified":"2024-12-11T21:16:28","modified_gmt":"2024-12-12T02:16:28","slug":"carrieres","status":"publish","type":"page","link":"https:\/\/imeka.ca\/fr\/carrieres\/","title":{"rendered":"Carri\u00e8res"},"content":{"rendered":"<section id=\"block-38bc6c694d766949e51d1f3b49d7a691\" class=\"block hero-main\" data-watch>\n\t\t\t<div class=\"background-wrapper\" style=\"background-image: url(https:\/\/imeka.ca\/app\/uploads\/2024\/10\/01-Header-Career.png);\" title=\"Imagerie par tenseur de diffusion : fibres c\u00e9r\u00e9brales bleues et roses\"><\/div>\n\t\t<div class=\"container\">\n\t\t<div class=\"hero-main-inner\">\n\t\t\t<h1>Faire carri\u00e8re chez Imeka<sup>MC<\/sup><\/h1>\n<p>Imeka<sup>MC<\/sup> est un endroit formidable o\u00f9 travailler, et nous recherchons des personnes enthousiastes pour se joindre \u00e0 notre \u00e9quipe<\/p>\n\n\t\t<\/div>\n\t<\/div>\n<\/section>\n\n\n\n<section id=\"block-00f56aa9a1ce17b8f9b1ff39aa294d87\" class=\"block content-simple block__spacing-top-100 block__spacing-bottom-100 content-simple__theme-teal\" data-watch>\n\t\t<div class=\"container\">\n\t\t<div class=\"content-simple-inner common-text\">\n\t\t\t<h2 class=\"standard-title\"><strong>Vous pensez qu\u2019Imeka<sup>MC<\/sup> est<\/strong> <em>le bon endroit pour vous<\/em><\/h2>\n<p class=\"m-0 standard-title__medium\">Postulez d\u00e8s maintenant!<\/p>\n\n\t\t<\/div>\n\t<\/div>\n<\/section>\n\n<section id=\"block-b6ed2603e7b5bd46a0eff612734357c3\" class=\"block content-form block__spacing-top-0 block__spacing-bottom-100\" data-watch>\n\t<div class=\"container\">\n\t\t<div class=\"content-form-inner\">\n\t\t\t\n<div class=\"wpcf7 no-js\" id=\"wpcf7-f2588-o1\" lang=\"fr-FR\" dir=\"ltr\" data-wpcf7-id=\"2588\">\n<div class=\"screen-reader-response\"><p role=\"status\" aria-live=\"polite\" aria-atomic=\"true\"><\/p> <ul><\/ul><\/div>\n<form action=\"\/fr\/wp-json\/wp\/v2\/pages\/1794#wpcf7-f2588-o1\" method=\"post\" class=\"wpcf7-form init\" aria-label=\"Contact form\" enctype=\"multipart\/form-data\" novalidate=\"novalidate\" data-status=\"init\">\n<div style=\"display: none;\">\n<input type=\"hidden\" name=\"_wpcf7\" value=\"2588\" \/>\n<input type=\"hidden\" name=\"_wpcf7_version\" value=\"6.0\" \/>\n<input type=\"hidden\" name=\"_wpcf7_locale\" value=\"fr_FR\" \/>\n<input type=\"hidden\" name=\"_wpcf7_unit_tag\" value=\"wpcf7-f2588-o1\" \/>\n<input type=\"hidden\" name=\"_wpcf7_container_post\" value=\"0\" \/>\n<input type=\"hidden\" name=\"_wpcf7_posted_data_hash\" value=\"\" \/>\n<input type=\"hidden\" name=\"_wpcf7_recaptcha_response\" value=\"\" \/>\n<\/div>\n<div class=\"form\">\n    <div class=\"form-section form-section__columns\">\n        <div class=\"left-column\">\n            <div class=\"form-row\">\n                <div class=\"form-field\">\n                    <label>Pr\u00e9nom*<\/label>\n                    <span class=\"wpcf7-form-control-wrap\" data-name=\"first-name\"><input size=\"40\" maxlength=\"400\" class=\"wpcf7-form-control wpcf7-text wpcf7-validates-as-required\" aria-required=\"true\" aria-invalid=\"false\" placeholder=\"Pr\u00e9nom\" value=\"\" type=\"text\" name=\"first-name\" \/><\/span>\n                <\/div>\n            <\/div>\n            <div class=\"form-row\">\n                <div class=\"form-field\">\n                    <label>Nom*<\/label>\n                    <span class=\"wpcf7-form-control-wrap\" data-name=\"last-name\"><input size=\"40\" maxlength=\"400\" class=\"wpcf7-form-control wpcf7-text wpcf7-validates-as-required\" aria-required=\"true\" aria-invalid=\"false\" placeholder=\"Nom*\" value=\"\" type=\"text\" name=\"last-name\" \/><\/span>\n                <\/div>\n            <\/div>\n            <div class=\"form-row\">\n                <div class=\"form-field\">\n                    <label>Poste pour lequel vous postulez*<\/label>\n                    <span class=\"wpcf7-form-control-wrap\" data-name=\"position\"><input size=\"40\" maxlength=\"400\" class=\"wpcf7-form-control wpcf7-text wpcf7-validates-as-required\" aria-required=\"true\" aria-invalid=\"false\" placeholder=\"Poste\" value=\"\" type=\"text\" name=\"position\" \/><\/span>\n                <\/div>\n            <\/div>\n        <\/div>\n        <div class=\"right-column full-height\">\n            <div class=\"form-row\">\n                <div class=\"form-field\">\n                    <label>Message*<\/label>\n                    <span class=\"wpcf7-form-control-wrap\" data-name=\"message\"><textarea cols=\"40\" rows=\"8\" maxlength=\"2000\" class=\"wpcf7-form-control wpcf7-textarea wpcf7-validates-as-required\" aria-required=\"true\" aria-invalid=\"false\" placeholder=\"Message\" name=\"message\"><\/textarea><\/span>\n                <\/div>\n            <\/div>\n        <\/div>\n    <\/div>\n    <div class=\"form-section form-section__columns\">\n        <div class=\"left-column\">\n            <div class=\"form-row\">\n                <div class=\"form-field\">\n                    <label>Courriel*<\/label>\n                    <span class=\"wpcf7-form-control-wrap\" data-name=\"email\"><input size=\"40\" maxlength=\"400\" class=\"wpcf7-form-control wpcf7-email wpcf7-validates-as-required wpcf7-text wpcf7-validates-as-email\" aria-required=\"true\" aria-invalid=\"false\" placeholder=\"Courriel\" value=\"\" type=\"email\" name=\"email\" \/><\/span>\n                <\/div>    \n            <\/div>\n        <\/div>\n        <div class=\"right-column\">\n            <div class=\"form-row\">\n                <div class=\"form-field form-actions\">\n                    <div class=\"file-wrapper\">\n                        <span class=\"filename\"><\/span>\n                        <span class=\"wpcf7-form-control-wrap\" data-name=\"cv-file\"><input size=\"40\" class=\"wpcf7-form-control wpcf7-file\" accept=\".pdf,.doc,.docx\" aria-invalid=\"false\" type=\"file\" name=\"cv-file\" \/><\/span>\n                        <div class=\"button button__upload\">T\u00e9l\u00e9verser un CV<\/div>\n                    <\/div>\n                    <input class=\"wpcf7-form-control wpcf7-submit has-spinner button\" type=\"submit\" value=\"Envoyer\" \/>\n                <\/div>\n            <\/div> \n        <\/div>\n    <\/div>\n<\/div>\n<div class=\"form-footnote\">* Indique les champs obligatoires.<\/div><div class=\"wpcf7-response-output\" aria-hidden=\"true\"><\/div>\n<\/form>\n<\/div>\n\n\t\t\t\t\t<\/div>\n\t<\/div>\n<\/section>","protected":false},"excerpt":{"rendered":"","protected":false},"author":1,"featured_media":0,"parent":0,"menu_order":0,"comment_status":"closed","ping_status":"closed","template":"","meta":{"_acf_changed":false,"inline_featured_image":false,"footnotes":""},"class_list":["post-1794","page","type-page","status-publish","hentry"],"acf":[],"yoast_head":"<!-- This site is optimized with the Yoast SEO plugin v23.9 - https:\/\/yoast.com\/wordpress\/plugins\/seo\/ -->\n<title>Carri\u00e8res | Imeka<\/title>\n<meta name=\"description\" content=\"D\u00e9couvrez les postes \u00e0 pourvoir et postulez d\u00e8s aujourd\u2019hui pour travailler chez Imeka.\" \/>\n<meta name=\"robots\" content=\"index, follow, max-snippet:-1, max-image-preview:large, max-video-preview:-1\" \/>\n<link rel=\"canonical\" href=\"https:\/\/imeka.ca\/fr\/carrieres\/\" \/>\n<meta property=\"og:locale\" content=\"fr_FR\" \/>\n<meta property=\"og:type\" content=\"article\" \/>\n<meta property=\"og:title\" content=\"Carri\u00e8res | Imeka\" \/>\n<meta property=\"og:description\" content=\"D\u00e9couvrez les postes \u00e0 pourvoir et postulez d\u00e8s aujourd\u2019hui pour travailler chez Imeka.\" \/>\n<meta property=\"og:url\" content=\"https:\/\/imeka.ca\/fr\/carrieres\/\" \/>\n<meta property=\"og:site_name\" content=\"Imeka\" \/>\n<meta property=\"article:modified_time\" content=\"2024-12-12T02:16:28+00:00\" \/>\n<meta property=\"og:image\" content=\"https:\/\/imeka.ca\/app\/uploads\/2022\/01\/700-x-1081_Header_homepage_2x-1.jpg\" \/>\n\t<meta property=\"og:image:width\" content=\"1400\" \/>\n\t<meta property=\"og:image:height\" content=\"2162\" \/>\n\t<meta property=\"og:image:type\" content=\"image\/jpeg\" \/>\n<meta name=\"twitter:card\" content=\"summary_large_image\" \/>\n<script type=\"application\/ld+json\" class=\"yoast-schema-graph\">{\"@context\":\"https:\/\/schema.org\",\"@graph\":[{\"@type\":\"WebPage\",\"@id\":\"https:\/\/imeka.ca\/fr\/carrieres\/\",\"url\":\"https:\/\/imeka.ca\/fr\/carrieres\/\",\"name\":\"Carri\u00e8res | Imeka\",\"isPartOf\":{\"@id\":\"https:\/\/imeka.ca\/fr\/#website\"},\"datePublished\":\"2021-12-07T02:17:30+00:00\",\"dateModified\":\"2024-12-12T02:16:28+00:00\",\"description\":\"D\u00e9couvrez les postes \u00e0 pourvoir et postulez d\u00e8s aujourd\u2019hui pour travailler chez Imeka.\",\"breadcrumb\":{\"@id\":\"https:\/\/imeka.ca\/fr\/carrieres\/#breadcrumb\"},\"inLanguage\":\"fr-FR\",\"potentialAction\":[{\"@type\":\"ReadAction\",\"target\":[\"https:\/\/imeka.ca\/fr\/carrieres\/\"]}]},{\"@type\":\"BreadcrumbList\",\"@id\":\"https:\/\/imeka.ca\/fr\/carrieres\/#breadcrumb\",\"itemListElement\":[{\"@type\":\"ListItem\",\"position\":1,\"name\":\"Home\",\"item\":\"https:\/\/imeka.ca\/fr\/\"},{\"@type\":\"ListItem\",\"position\":2,\"name\":\"Carri\u00e8res\"}]},{\"@type\":\"WebSite\",\"@id\":\"https:\/\/imeka.ca\/fr\/#website\",\"url\":\"https:\/\/imeka.ca\/fr\/\",\"name\":\"Imeka\",\"description\":\"\",\"potentialAction\":[{\"@type\":\"SearchAction\",\"target\":{\"@type\":\"EntryPoint\",\"urlTemplate\":\"https:\/\/imeka.ca\/fr\/?s={search_term_string}\"},\"query-input\":{\"@type\":\"PropertyValueSpecification\",\"valueRequired\":true,\"valueName\":\"search_term_string\"}}],\"inLanguage\":\"fr-FR\"}]}<\/script>\n<!-- \/ Yoast SEO plugin. -->","yoast_head_json":{"title":"Carri\u00e8res | Imeka","description":"D\u00e9couvrez les postes \u00e0 pourvoir et postulez d\u00e8s aujourd\u2019hui pour travailler chez Imeka.","robots":{"index":"index","follow":"follow","max-snippet":"max-snippet:-1","max-image-preview":"max-image-preview:large","max-video-preview":"max-video-preview:-1"},"canonical":"https:\/\/imeka.ca\/fr\/carrieres\/","og_locale":"fr_FR","og_type":"article","og_title":"Carri\u00e8res | Imeka","og_description":"D\u00e9couvrez les postes \u00e0 pourvoir et postulez d\u00e8s aujourd\u2019hui pour travailler chez Imeka.","og_url":"https:\/\/imeka.ca\/fr\/carrieres\/","og_site_name":"Imeka","article_modified_time":"2024-12-12T02:16:28+00:00","og_image":[{"width":1400,"height":2162,"url":"https:\/\/imeka.ca\/app\/uploads\/2022\/01\/700-x-1081_Header_homepage_2x-1.jpg","type":"image\/jpeg"}],"twitter_card":"summary_large_image","schema":{"@context":"https:\/\/schema.org","@graph":[{"@type":"WebPage","@id":"https:\/\/imeka.ca\/fr\/carrieres\/","url":"https:\/\/imeka.ca\/fr\/carrieres\/","name":"Carri\u00e8res | Imeka","isPartOf":{"@id":"https:\/\/imeka.ca\/fr\/#website"},"datePublished":"2021-12-07T02:17:30+00:00","dateModified":"2024-12-12T02:16:28+00:00","description":"D\u00e9couvrez les postes \u00e0 pourvoir et postulez d\u00e8s aujourd\u2019hui pour travailler chez Imeka.","breadcrumb":{"@id":"https:\/\/imeka.ca\/fr\/carrieres\/#breadcrumb"},"inLanguage":"fr-FR","potentialAction":[{"@type":"ReadAction","target":["https:\/\/imeka.ca\/fr\/carrieres\/"]}]},{"@type":"BreadcrumbList","@id":"https:\/\/imeka.ca\/fr\/carrieres\/#breadcrumb","itemListElement":[{"@type":"ListItem","position":1,"name":"Home","item":"https:\/\/imeka.ca\/fr\/"},{"@type":"ListItem","position":2,"name":"Carri\u00e8res"}]},{"@type":"WebSite","@id":"https:\/\/imeka.ca\/fr\/#website","url":"https:\/\/imeka.ca\/fr\/","name":"Imeka","description":"","potentialAction":[{"@type":"SearchAction","target":{"@type":"EntryPoint","urlTemplate":"https:\/\/imeka.ca\/fr\/?s={search_term_string}"},"query-input":{"@type":"PropertyValueSpecification","valueRequired":true,"valueName":"search_term_string"}}],"inLanguage":"fr-FR"}]}},"_links":{"self":[{"href":"https:\/\/imeka.ca\/fr\/wp-json\/wp\/v2\/pages\/1794","targetHints":{"allow":["GET"]}}],"collection":[{"href":"https:\/\/imeka.ca\/fr\/wp-json\/wp\/v2\/pages"}],"about":[{"href":"https:\/\/imeka.ca\/fr\/wp-json\/wp\/v2\/types\/page"}],"author":[{"embeddable":true,"href":"https:\/\/imeka.ca\/fr\/wp-json\/wp\/v2\/users\/1"}],"replies":[{"embeddable":true,"href":"https:\/\/imeka.ca\/fr\/wp-json\/wp\/v2\/comments?post=1794"}],"version-history":[{"count":9,"href":"https:\/\/imeka.ca\/fr\/wp-json\/wp\/v2\/pages\/1794\/revisions"}],"predecessor-version":[{"id":4224,"href":"https:\/\/imeka.ca\/fr\/wp-json\/wp\/v2\/pages\/1794\/revisions\/4224"}],"wp:attachment":[{"href":"https:\/\/imeka.ca\/fr\/wp-json\/wp\/v2\/media?parent=1794"}],"curies":[{"name":"wp","href":"https:\/\/api.w.org\/{rel}","templated":true}]}}