{"id":1798,"date":"2021-12-06T21:18:11","date_gmt":"2021-12-07T02:18:11","guid":{"rendered":"https:\/\/imeka.ca\/politique-de-confidentialite\/"},"modified":"2024-11-18T09:27:03","modified_gmt":"2024-11-18T14:27:03","slug":"politique-de-confidentialite","status":"publish","type":"page","link":"https:\/\/imeka.ca\/fr\/politique-de-confidentialite\/","title":{"rendered":"Politique de confidentialit\u00e9"},"content":{"rendered":"<section id=\"block-a0956ff51ea5dfe6e2d1856331c66bc6\" class=\"block hero-main\" data-watch>\n\t\t\t<div class=\"background-wrapper\" style=\"background-image: url(https:\/\/imeka.ca\/app\/uploads\/2021\/12\/publications-background.jpg);\" title=\"\"><\/div>\n\t\t<div class=\"container\">\n\t\t<div class=\"hero-main-inner\">\n\t\t\t<h1>Politique de confidentialit\u00e9<\/h1>\n\n\t\t<\/div>\n\t<\/div>\n<\/section>\n\n<section id=\"block-3c7880bdac0591a260e1ea48019c7136\" class=\"block content-simple block__spacing-top-50 block__spacing-bottom-75 content-simple__theme-white\" data-watch>\n\t\t<div class=\"container\">\n\t\t<div class=\"content-simple-inner common-text\">\n\t\t\t<h2 class=\"standard-title\">Introduction<\/h2>\n<p>En raison du d\u00e9veloppement de nouveaux outils de communication, il est n\u00e9cessaire de porter une attention particuli\u00e8re \u00e0 la protection de la vie priv\u00e9e. Par cons\u00e9quent, nous nous engageons \u00e0 respecter la confidentialit\u00e9 des informations personnelles que nous collectons.<\/p>\n\n\t\t<\/div>\n\t<\/div>\n<\/section>\n\n<section id=\"block-499147d567f54d74d05a6aa36bfd4ea4\" class=\"block content-simple block__spacing-top-0 block__spacing-bottom-75 content-simple__theme-white\" data-watch>\n\t\t<div class=\"container\">\n\t\t<div class=\"content-simple-inner common-text\">\n\t\t\t<h2 class=\"standard-title\">Collecte d&#8217;informations personnelles<\/h2>\n<p><strong>Nous collectons ce qui suit :<\/strong><\/p>\n<ul class=\"bar-list\">\n<li>Nom<\/li>\n<li>Courriel<\/li>\n<\/ul>\n\n\t\t<\/div>\n\t<\/div>\n<\/section>\n\n<section id=\"block-cf4a42df6ef087a8f6bebfc1466c6356\" class=\"block content-simple block__spacing-top-0 block__spacing-bottom-75 content-simple__theme-white\" data-watch>\n\t\t<div class=\"container\">\n\t\t<div class=\"content-simple-inner common-text\">\n\t\t\t<h2 class=\"standard-title\">Formulaires et interactivit\u00e9<\/h2>\n<p><strong>Vos informations personnelles sont collect\u00e9es au moyen d&#8217;un formulaire. Nous utilisons les informations collect\u00e9es aux fins suivantes :<\/strong><\/p>\n<ul class=\"bar-list\">\n<li>Contact<\/li>\n<\/ul>\n<p><strong>Nous utilisons les informations collect\u00e9es aux fins suivantes :<\/strong><\/p>\n<ul class=\"bar-list\">\n<li>Correspondance<\/li>\n<li>Information ou offres promotionnelles<\/li>\n<\/ul>\n\n\t\t<\/div>\n\t<\/div>\n<\/section>\n\n<section id=\"block-b97cdcf251ae3faf119768dda325c1dc\" class=\"block content-simple block__spacing-top-0 block__spacing-bottom-75 content-simple__theme-white\" data-watch>\n\t\t<div class=\"container\">\n\t\t<div class=\"content-simple-inner common-text\">\n\t\t\t<h2 class=\"standard-title\">Droit d&#8217;opposition et de retrait<\/h2>\n<p>Nous nous engageons \u00e0 vous offrir le droit de vous opposer et de vous retirer de la collecte de vos informations personnelles. Le droit d&#8217;opposition est entendu comme l&#8217;option de refuser que vos informations personnelles soient utilis\u00e9es aux fins indiqu\u00e9es.<\/p>\n<p>Le droit de retrait est compris comme l&#8217;option de demander que vos informations personnelles n&#8217;apparaissent plus, par exemple, dans une liste de diffusion.<\/p>\n<p>Pour exercer ces droits, vous pouvez nous contacter \u00e0 :<br \/>\n<strong>195 Belv\u00e9d\u00e8re Nord, Bureau 201 Sherbrooke,<br \/>(Qu\u00e9bec) J1H 4A7<br \/>\n<\/strong>Email:<strong><a href=\"mailto:info@imeka.ca\"> info@imeka.ca<\/a><br \/>\n<\/strong>T\u00e9l\u00e9phone:<strong><a href=\"tel:888-311-0599\"> 888-311-0599<\/a><br \/>\n<\/strong>Site Web:<strong><a class=\"link\" href=\"https:\/\/www.imeka.ca\/\"> https:\/\/www.imeka.ca\/<\/a><\/strong><\/p>\n<p>&nbsp;<\/p>\n\n\t\t<\/div>\n\t<\/div>\n<\/section>\n\n<section id=\"block-e7e49407a69b9fd3105540c627429200\" class=\"block content-simple block__spacing-top-0 block__spacing-bottom-75 content-simple__theme-white\" data-watch>\n\t\t<div class=\"container\">\n\t\t<div class=\"content-simple-inner common-text\">\n\t\t\t<h2 class=\"standard-title\">Permission d&#8217;acc\u00e9der<\/h2>\n<p>Nous nous engageons \u00e0 reconna\u00eetre le droit des personnes concern\u00e9es de consulter, de modifier ou de supprimer les informations les concernant.<\/p>\n<p>Pour exercer ce droits, vous pouvez nous contacter \u00e0 :<br \/>\n<strong>195 Belv\u00e9d\u00e8re Nord, Bureau 201 Sherbrooke,<br \/>(Qu\u00e9bec) J1H 4A7<br \/>\n<\/strong>Email:<strong><a href=\"mailto:info@imeka.ca\"> info@imeka.ca<\/a><br \/>\n<\/strong>T\u00e9l\u00e9phone:<strong><a href=\"tel:888-311-0599\"> 888-311-0599<\/a><br \/>\n<\/strong>Site Web:<strong> <a class=\"link\" href=\"https:\/\/www.imeka.ca\/\">https:\/\/www.imeka.ca\/<\/a><\/strong><\/p>\n<p>&nbsp;<\/p>\n\n\t\t<\/div>\n\t<\/div>\n<\/section>\n\n<section id=\"block-fae12546f4c2b81e037c1e504f82e125\" class=\"block content-simple block__spacing-top-0 block__spacing-bottom-100 content-simple__theme-white\" data-watch>\n\t\t<div class=\"container\">\n\t\t<div class=\"content-simple-inner common-text\">\n\t\t\t<h2 class=\"standard-title\">S\u00e9curit\u00e9<\/h2>\n<p>Les informations personnelles que nous collectons sont conserv\u00e9es dans un lieu s\u00e9curis\u00e9. Les personnes travaillant pour nous sont tenues de respecter la confidentialit\u00e9 de vos informations. Afin d\u2019assurer la s\u00e9curit\u00e9 de vos informations personnelles, nous avons recours aux mesures suivantes :<\/p>\n<ul class=\"bar-list\">\n<li>Protocole SSL (<em>Secure Sockets Layer<\/em>)<\/li>\n<li>Sauvegarde informatique<\/li>\n<\/ul>\n<p>Nous nous engageons \u00e0 maintenir un haut degr\u00e9 de confidentialit\u00e9 en incorporant les derni\u00e8res innovations technologiques pour assurer la confidentialit\u00e9 de vos transactions. Cependant, comme aucun m\u00e9canisme n&#8217;offre une s\u00e9curit\u00e9 maximale, il y a toujours un risque lorsque l&#8217;on utilise Internet pour transmettre des informations personnelles.<\/p>\n\n\t\t<\/div>\n\t<\/div>\n<\/section>","protected":false},"excerpt":{"rendered":"","protected":false},"author":1,"featured_media":0,"parent":0,"menu_order":0,"comment_status":"closed","ping_status":"closed","template":"","meta":{"_acf_changed":false,"inline_featured_image":false,"footnotes":""},"class_list":["post-1798","page","type-page","status-publish","hentry"],"acf":[],"yoast_head":"<!-- This site is optimized with the Yoast SEO plugin v23.9 - https:\/\/yoast.com\/wordpress\/plugins\/seo\/ -->\n<title>Politique de confidentialit\u00e9 | Imeka<\/title>\n<meta name=\"description\" content=\"Lire notre politique de confidentialit\u00e9.\" \/>\n<meta name=\"robots\" content=\"index, follow, max-snippet:-1, max-image-preview:large, max-video-preview:-1\" \/>\n<link rel=\"canonical\" href=\"https:\/\/imeka.ca\/fr\/politique-de-confidentialite\/\" \/>\n<meta property=\"og:locale\" content=\"fr_FR\" \/>\n<meta property=\"og:type\" content=\"article\" \/>\n<meta property=\"og:title\" content=\"Politique de confidentialit\u00e9 | Imeka\" \/>\n<meta property=\"og:description\" content=\"Lire notre politique de confidentialit\u00e9.\" \/>\n<meta property=\"og:url\" content=\"https:\/\/imeka.ca\/fr\/politique-de-confidentialite\/\" \/>\n<meta property=\"og:site_name\" content=\"Imeka\" \/>\n<meta property=\"article:modified_time\" content=\"2024-11-18T14:27:03+00:00\" \/>\n<meta property=\"og:image\" content=\"https:\/\/imeka.ca\/app\/uploads\/2022\/01\/700-x-1081_Header_homepage_2x-1.jpg\" \/>\n\t<meta property=\"og:image:width\" content=\"1400\" \/>\n\t<meta property=\"og:image:height\" content=\"2162\" \/>\n\t<meta property=\"og:image:type\" content=\"image\/jpeg\" \/>\n<meta name=\"twitter:card\" content=\"summary_large_image\" \/>\n<script type=\"application\/ld+json\" class=\"yoast-schema-graph\">{\"@context\":\"https:\/\/schema.org\",\"@graph\":[{\"@type\":\"WebPage\",\"@id\":\"https:\/\/imeka.ca\/fr\/politique-de-confidentialite\/\",\"url\":\"https:\/\/imeka.ca\/fr\/politique-de-confidentialite\/\",\"name\":\"Politique de confidentialit\u00e9 | Imeka\",\"isPartOf\":{\"@id\":\"https:\/\/imeka.ca\/fr\/#website\"},\"datePublished\":\"2021-12-07T02:18:11+00:00\",\"dateModified\":\"2024-11-18T14:27:03+00:00\",\"description\":\"Lire notre politique de confidentialit\u00e9.\",\"breadcrumb\":{\"@id\":\"https:\/\/imeka.ca\/fr\/politique-de-confidentialite\/#breadcrumb\"},\"inLanguage\":\"fr-FR\",\"potentialAction\":[{\"@type\":\"ReadAction\",\"target\":[\"https:\/\/imeka.ca\/fr\/politique-de-confidentialite\/\"]}]},{\"@type\":\"BreadcrumbList\",\"@id\":\"https:\/\/imeka.ca\/fr\/politique-de-confidentialite\/#breadcrumb\",\"itemListElement\":[{\"@type\":\"ListItem\",\"position\":1,\"name\":\"Home\",\"item\":\"https:\/\/imeka.ca\/fr\/\"},{\"@type\":\"ListItem\",\"position\":2,\"name\":\"Politique de confidentialit\u00e9\"}]},{\"@type\":\"WebSite\",\"@id\":\"https:\/\/imeka.ca\/fr\/#website\",\"url\":\"https:\/\/imeka.ca\/fr\/\",\"name\":\"Imeka\",\"description\":\"\",\"potentialAction\":[{\"@type\":\"SearchAction\",\"target\":{\"@type\":\"EntryPoint\",\"urlTemplate\":\"https:\/\/imeka.ca\/fr\/?s={search_term_string}\"},\"query-input\":{\"@type\":\"PropertyValueSpecification\",\"valueRequired\":true,\"valueName\":\"search_term_string\"}}],\"inLanguage\":\"fr-FR\"}]}<\/script>\n<!-- \/ Yoast SEO plugin. -->","yoast_head_json":{"title":"Politique de confidentialit\u00e9 | Imeka","description":"Lire notre politique de confidentialit\u00e9.","robots":{"index":"index","follow":"follow","max-snippet":"max-snippet:-1","max-image-preview":"max-image-preview:large","max-video-preview":"max-video-preview:-1"},"canonical":"https:\/\/imeka.ca\/fr\/politique-de-confidentialite\/","og_locale":"fr_FR","og_type":"article","og_title":"Politique de confidentialit\u00e9 | Imeka","og_description":"Lire notre politique de confidentialit\u00e9.","og_url":"https:\/\/imeka.ca\/fr\/politique-de-confidentialite\/","og_site_name":"Imeka","article_modified_time":"2024-11-18T14:27:03+00:00","og_image":[{"width":1400,"height":2162,"url":"https:\/\/imeka.ca\/app\/uploads\/2022\/01\/700-x-1081_Header_homepage_2x-1.jpg","type":"image\/jpeg"}],"twitter_card":"summary_large_image","schema":{"@context":"https:\/\/schema.org","@graph":[{"@type":"WebPage","@id":"https:\/\/imeka.ca\/fr\/politique-de-confidentialite\/","url":"https:\/\/imeka.ca\/fr\/politique-de-confidentialite\/","name":"Politique de confidentialit\u00e9 | Imeka","isPartOf":{"@id":"https:\/\/imeka.ca\/fr\/#website"},"datePublished":"2021-12-07T02:18:11+00:00","dateModified":"2024-11-18T14:27:03+00:00","description":"Lire notre politique de confidentialit\u00e9.","breadcrumb":{"@id":"https:\/\/imeka.ca\/fr\/politique-de-confidentialite\/#breadcrumb"},"inLanguage":"fr-FR","potentialAction":[{"@type":"ReadAction","target":["https:\/\/imeka.ca\/fr\/politique-de-confidentialite\/"]}]},{"@type":"BreadcrumbList","@id":"https:\/\/imeka.ca\/fr\/politique-de-confidentialite\/#breadcrumb","itemListElement":[{"@type":"ListItem","position":1,"name":"Home","item":"https:\/\/imeka.ca\/fr\/"},{"@type":"ListItem","position":2,"name":"Politique de confidentialit\u00e9"}]},{"@type":"WebSite","@id":"https:\/\/imeka.ca\/fr\/#website","url":"https:\/\/imeka.ca\/fr\/","name":"Imeka","description":"","potentialAction":[{"@type":"SearchAction","target":{"@type":"EntryPoint","urlTemplate":"https:\/\/imeka.ca\/fr\/?s={search_term_string}"},"query-input":{"@type":"PropertyValueSpecification","valueRequired":true,"valueName":"search_term_string"}}],"inLanguage":"fr-FR"}]}},"_links":{"self":[{"href":"https:\/\/imeka.ca\/fr\/wp-json\/wp\/v2\/pages\/1798","targetHints":{"allow":["GET"]}}],"collection":[{"href":"https:\/\/imeka.ca\/fr\/wp-json\/wp\/v2\/pages"}],"about":[{"href":"https:\/\/imeka.ca\/fr\/wp-json\/wp\/v2\/types\/page"}],"author":[{"embeddable":true,"href":"https:\/\/imeka.ca\/fr\/wp-json\/wp\/v2\/users\/1"}],"replies":[{"embeddable":true,"href":"https:\/\/imeka.ca\/fr\/wp-json\/wp\/v2\/comments?post=1798"}],"version-history":[{"count":16,"href":"https:\/\/imeka.ca\/fr\/wp-json\/wp\/v2\/pages\/1798\/revisions"}],"predecessor-version":[{"id":4079,"href":"https:\/\/imeka.ca\/fr\/wp-json\/wp\/v2\/pages\/1798\/revisions\/4079"}],"wp:attachment":[{"href":"https:\/\/imeka.ca\/fr\/wp-json\/wp\/v2\/media?parent=1798"}],"curies":[{"name":"wp","href":"https:\/\/api.w.org\/{rel}","templated":true}]}}