{"id":1802,"date":"2021-12-06T21:17:58","date_gmt":"2021-12-07T02:17:58","guid":{"rendered":"https:\/\/imeka.ca\/conditions-dutilisation\/"},"modified":"2024-11-18T09:27:54","modified_gmt":"2024-11-18T14:27:54","slug":"conditions-dutilisation","status":"publish","type":"page","link":"https:\/\/imeka.ca\/fr\/conditions-dutilisation\/","title":{"rendered":"Conditions d&#8217;utilisation"},"content":{"rendered":"<section id=\"block-c6f21a174a9e64f0f7c147dc442ce54a\" class=\"block hero-main\" data-watch>\n\t\t\t<div class=\"background-wrapper\" style=\"background-image: url(https:\/\/imeka.ca\/app\/uploads\/2022\/01\/terms-of-use-background_new.jpg);\" title=\"Imagerie par tenseur de diffusion : Fibres c\u00e9r\u00e9brales mauves et vertes\"><\/div>\n\t\t<div class=\"container\">\n\t\t<div class=\"hero-main-inner\">\n\t\t\t<h1>Conditions d&#8217;utilisation<\/h1>\n\n\t\t<\/div>\n\t<\/div>\n<\/section>\n\n<section id=\"block-1430510bb5c2850e3ea0c26d6cd413d4\" class=\"block content-simple block__spacing-top-50 block__spacing-bottom-0 content-simple__theme-white\" data-watch>\n\t\t<div class=\"container\">\n\t\t<div class=\"content-simple-inner common-text\">\n\t\t\t<h2 class=\"standard-title\">Introduction<\/h2>\n<p>Les conditions g\u00e9n\u00e9rales du site Web (ces \u00ab Conditions \u00bb ou ces \u00ab Conditions g\u00e9n\u00e9rales du site Web \u00bb) contenues dans le pr\u00e9sent document r\u00e9giront votre utilisation de ce site Web, y compris toutes les pages de ce site Web (collectivement d\u00e9sign\u00e9es ci-dessous comme ce \u00ab site Web \u00bb). Ces conditions s&#8217;appliquent pleinement \u00e0 votre utilisation de ce site Web, et en utilisant ce site Web, vous acceptez express\u00e9ment toutes les conditions contenues dans leur int\u00e9gralit\u00e9. Vous ne devez pas utiliser ce site Web si vous avez une objection \u00e0 l&#8217;une quelconque de ces conditions g\u00e9n\u00e9rales du site Web.<\/p>\n\n\t\t<\/div>\n\t<\/div>\n<\/section>\n\n<section id=\"block-3bde294bf039508e9100dae3f9e665c3\" class=\"block content-simple block__spacing-top-75 block__spacing-bottom-0 content-simple__theme-white\" data-watch>\n\t\t<div class=\"container\">\n\t\t<div class=\"content-simple-inner common-text\">\n\t\t\t<h2 class=\"standard-title\">Droits de propri\u00e9t\u00e9 intellectuelle<\/h2>\n<p>Mis \u00e0 part le contenu que vous poss\u00e9dez et que vous avez peut-\u00eatre choisi d&#8217;inclure sur ce site Web, en vertu de ces conditions, IMEKA<sup>MC<\/sup> SOLUTIONS INC. et\/ou ses conc\u00e9dants de licence poss\u00e8dent tous les droits de propri\u00e9t\u00e9 intellectuelle et le mat\u00e9riel contenu dans ce site Web, et tous ces droits sont r\u00e9serv\u00e9s.<\/p>\n<p>Vous b\u00e9n\u00e9ficiez d&#8217;une licence limit\u00e9e uniquement, sous r\u00e9serve des restrictions pr\u00e9vues dans ces conditions, dans le but de visualiser le mat\u00e9riel contenu sur ce site Web.<\/p>\n\n\t\t<\/div>\n\t<\/div>\n<\/section>\n\n<section id=\"block-3f3406844b9c3b7fa852ac69994ccef5\" class=\"block content-simple block__spacing-top-75 block__spacing-bottom-0 content-simple__theme-white\" data-watch>\n\t\t<div class=\"container\">\n\t\t<div class=\"content-simple-inner common-text\">\n\t\t\t<h2 class=\"standard-title\">Restrictions<\/h2>\n<p>Vous est express\u00e9ment et cat\u00e9goriquement interdit de faire ce qui suit :<\/p>\n<ul class=\"bar-list\">\n<li>Publier tout mat\u00e9riel du site Web dans n&#8217;importe quel m\u00e9dia;<\/li>\n<li>Vendre, conc\u00e9der sous licence ou commercialiser de toute autre mani\u00e8re tout mat\u00e9riel du site Web;<\/li>\n<li>Montrer publiquement ou montrer tout mat\u00e9riel du site Web;<\/li>\n<li>Utiliser ce site Web de mani\u00e8re qui est, ou peut \u00eatre, dommageable pour ce site Web;<\/li>\n<li>Utiliser ce site Web d&#8217;une mani\u00e8re qui a des r\u00e9percussions sur son acc\u00e8s pour les utilisateurs;<\/li>\n<li>Utiliser ce site Web contrairement aux lois et \u00e0 la r\u00e9glementation applicables, ou d&#8217;une mani\u00e8re qui cause, ou peut causer, des dommages au site Web, ou \u00e0 toute personne ou entit\u00e9 commerciale;<\/li>\n<li>Participer \u00e0 toute exploration de donn\u00e9es, collecte de donn\u00e9es, extraction de donn\u00e9es, ou toute autre activit\u00e9 similaire en relation avec ce site Web, ou lors de son utilisation;<\/li>\n<li>\u00adUtiliser ce site Web \u00e0 des fins de publicit\u00e9 ou de marketing.<\/li>\n<\/ul>\n\n\t\t<\/div>\n\t<\/div>\n<\/section>\n\n<section id=\"block-caad31224e0a8e03ae25d0af4d905cc2\" class=\"block content-simple block__spacing-top-75 block__spacing-bottom-0 content-simple__theme-white\" data-watch>\n\t\t<div class=\"container\">\n\t\t<div class=\"content-simple-inner common-text\">\n\t\t\t<h2 class=\"standard-title\">Votre contenu<\/h2>\n<p>En vertu des Conditions g\u00e9n\u00e9rales du site Web, \u00ab Votre contenu \u00bb d\u00e9signera tout audio, tout vid\u00e9o, tout texte, toute image ou tout autre mat\u00e9riel que vous choisissez d\u2019afficher sur ce site Web. En affichant votre contenu, vous accordez \u00e0 IMEKA<sup>MC<\/sup> SOLUTIONS INC. une licence non exclusive, mondiale, irr\u00e9vocable, libre de droits, susceptible de faire l\u2019objet d\u2019une sous-licence, pour l\u2019utiliser, le reproduire, l\u2019adapter, le publier, le traduire et le distribuer dans tous les m\u00e9dias.<\/p>\n<p>Votre contenu doit vous appartenir et ne doit pas enfreindre les droits de tiers. IMEKA<sup>MC<\/sup> SOLUTIONS INC. se r\u00e9serve le droit de supprimer tout contenu que vous avez affich\u00e9 sur ce site Web \u00e0 tout moment et pour quelque raison que ce soit, sans pr\u00e9avis.<\/p>\n\n\t\t<\/div>\n\t<\/div>\n<\/section>\n\n<section id=\"block-ec656147efc3f079ad2bceca0c4c6210\" class=\"block content-simple block__spacing-top-75 block__spacing-bottom-0 content-simple__theme-white\" data-watch>\n\t\t<div class=\"container\">\n\t\t<div class=\"content-simple-inner common-text\">\n\t\t\t<h2 class=\"standard-title\">Aucune garantie<\/h2>\n<p>Ce site Web est fourni \u00ab tel quel \u00bb, avec tous ses d\u00e9fauts, et IMEKA<sup>MC<\/sup> SOLUTIONS INC. ne fait aucune d\u00e9claration ou garantie, expresse ou implicite, de quelque nature que ce soit, concernant ce site Web ou le mat\u00e9riel qu&#8217;il contient. De plus, rien de ce qui est contenu dans ce site Web ne doit \u00eatre consid\u00e9r\u00e9 comme constituant des conseils ou des consultations.<\/p>\n\n\t\t<\/div>\n\t<\/div>\n<\/section>\n\n<section id=\"block-40a9c457f018fc87247c9ac907f49aa4\" class=\"block content-simple block__spacing-top-75 block__spacing-bottom-0 content-simple__theme-white\" data-watch>\n\t\t<div class=\"container\">\n\t\t<div class=\"content-simple-inner common-text\">\n\t\t\t<h2 class=\"standard-title\">Limitation de responsabilit\u00e9<\/h2>\n<p>En aucun cas, IMEKA<sup>MC<\/sup> SOLUTIONS INC. ni aucun de ses dirigeants, directeurs et employ\u00e9s ne sauraient \u00eatre tenus responsables envers vous de quoi que ce soit d\u00e9coulant de ou li\u00e9 de quelque mani\u00e8re que ce soit \u00e0 votre utilisation de ce site Web, que cette responsabilit\u00e9 soit contractuelle, d\u00e9lictuelle ou autre, et IMEKA<sup>MC<\/sup> SOLUTIONS INC., y compris ses dirigeants, directeurs et employ\u00e9s, ne saurait \u00eatre tenus responsables de toute responsabilit\u00e9 indirecte, cons\u00e9cutive ou sp\u00e9ciale d\u00e9coulant de ou li\u00e9e de quelque mani\u00e8re que ce soit \u00e0 votre utilisation de ce site Web.<\/p>\n\n\t\t<\/div>\n\t<\/div>\n<\/section>\n\n<section id=\"block-f60d1e5fcadc9aba53d156117213903e\" class=\"block content-simple block__spacing-top-75 block__spacing-bottom-0 content-simple__theme-white\" data-watch>\n\t\t<div class=\"container\">\n\t\t<div class=\"content-simple-inner common-text\">\n\t\t\t<h2 class=\"standard-title\">Indemnisation<\/h2>\n<p>Par la pr\u00e9sente, vous vous engagez \u00e0 indemniser dans toute la mesure IMEKA<sup>MC<\/sup> SOLUTIONS INC. de et contre tous les co\u00fbts, responsabilit\u00e9s, demandes, causes d&#8217;action, dommages et d\u00e9penses (y compris les frais d&#8217;avocat raisonnables) d\u00e9coulant de ou li\u00e9s de quelque mani\u00e8re que ce soit \u00e0 votre violation de l&#8217;une des dispositions de ces Conditions.<\/p>\n\n\t\t<\/div>\n\t<\/div>\n<\/section>\n\n<section id=\"block-6e8c848d6bda920177863d61f6324285\" class=\"block content-simple block__spacing-top-75 block__spacing-bottom-0 content-simple__theme-white\" data-watch>\n\t\t<div class=\"container\">\n\t\t<div class=\"content-simple-inner common-text\">\n\t\t\t<h2 class=\"standard-title\">Nullit\u00e9 partielle<\/h2>\n<p>Si une disposition de ces Conditions est jug\u00e9e inapplicable ou invalide en vertu de toute loi applicable, cette inapplicabilit\u00e9 ou invalidit\u00e9 ne rendra pas ces Conditions inapplicables ou invalides dans leur ensemble, et de telles dispositions seront supprim\u00e9es sans affecter les dispositions restantes ici.<\/p>\n\n\t\t<\/div>\n\t<\/div>\n<\/section>\n\n<section id=\"block-25a7cb4dd188875a1476c225bae0ec91\" class=\"block content-simple block__spacing-top-75 block__spacing-bottom-0 content-simple__theme-white\" data-watch>\n\t\t<div class=\"container\">\n\t\t<div class=\"content-simple-inner common-text\">\n\t\t\t<h2 class=\"standard-title\">Variation des termes<\/h2>\n<p>IMEKA<sup>MC<\/sup> SOLUTIONS INC. est autoris\u00e9 \u00e0 r\u00e9viser ces Conditions \u00e0 tout moment, selon ce qu&#8217;il juge appropri\u00e9, et en utilisant ce site Web, vous \u00eates cens\u00e9 examiner r\u00e9guli\u00e8rement ces Conditions pour vous assurer de comprendre toutes les modalit\u00e9s et conditions r\u00e9gissant l&#8217;utilisation de ce site Web.<\/p>\n\n\t\t<\/div>\n\t<\/div>\n<\/section>\n\n<section id=\"block-5aad1a6b0290b19d2eb223c580a1dbd3\" class=\"block content-simple block__spacing-top-75 block__spacing-bottom-0 content-simple__theme-white\" data-watch>\n\t\t<div class=\"container\">\n\t\t<div class=\"content-simple-inner common-text\">\n\t\t\t<h2 class=\"standard-title\">Assignation<\/h2>\n<p>IMEKA<sup>MC<\/sup> SOLUTIONS INC. est autoris\u00e9 \u00e0 c\u00e9der, transf\u00e9rer et sous-traiter ses droits et\/ou obligations en vertu de ces Conditions sans aucune notification ou consentement requis. Cependant, vous ne serez pas autoris\u00e9 \u00e0 c\u00e9der, \u00e0 transf\u00e9rer ou \u00e0 sous-traiter aucun de vos droits et\/ou obligations en vertu de ces Conditions.<\/p>\n\n\t\t<\/div>\n\t<\/div>\n<\/section>\n\n<section id=\"block-188facb538dcb52c7c57fe61a078b239\" class=\"block content-simple block__spacing-top-75 block__spacing-bottom-0 content-simple__theme-white\" data-watch>\n\t\t<div class=\"container\">\n\t\t<div class=\"content-simple-inner common-text\">\n\t\t\t<h2 class=\"standard-title\">Accord complet<\/h2>\n<p>Ces Conditions, y compris tout avis juridique et toute clause de non-responsabilit\u00e9 contenu sur ce site Web, constituent l&#8217;accord complet entre IMEKA<sup>MC<\/sup> SOLUTIONS INC. et vous concernant votre utilisation de ce site Web, et remplacent tous les accords ant\u00e9rieurs et toutes les compr\u00e9hensions avec respect \u00e0 la m\u00eame chose.<\/p>\n\n\t\t<\/div>\n\t<\/div>\n<\/section>\n\n<section id=\"block-133426c64b99a7b4bd3c6f225dc7c622\" class=\"block content-simple block__spacing-top-75 block__spacing-bottom-50 content-simple__theme-white\" data-watch>\n\t\t<div class=\"container\">\n\t\t<div class=\"content-simple-inner common-text\">\n\t\t\t<h2 class=\"standard-title\">Loi applicable et juridiction<\/h2>\n<p>Ces Conditions seront r\u00e9gies et interpr\u00e9t\u00e9es conform\u00e9ment aux lois de la province de Qu\u00e9bec, Canada, et vous vous soumettez \u00e0 la juridiction non exclusive des tribunaux provinciaux et f\u00e9d\u00e9raux situ\u00e9s au Qu\u00e9bec pour le r\u00e8glement de tout litige.<\/p>\n\n\t\t<\/div>\n\t<\/div>\n<\/section>","protected":false},"excerpt":{"rendered":"","protected":false},"author":1,"featured_media":0,"parent":0,"menu_order":0,"comment_status":"closed","ping_status":"closed","template":"","meta":{"_acf_changed":false,"inline_featured_image":false,"footnotes":""},"class_list":["post-1802","page","type-page","status-publish","hentry"],"acf":[],"yoast_head":"<!-- This site is optimized with the Yoast SEO plugin v23.9 - https:\/\/yoast.com\/wordpress\/plugins\/seo\/ -->\n<title>Conditions d\u2019utilisation | Imeka<\/title>\n<meta name=\"description\" content=\"Lire nos conditions d\u2019utilisation\" \/>\n<meta name=\"robots\" content=\"index, follow, max-snippet:-1, max-image-preview:large, max-video-preview:-1\" \/>\n<link rel=\"canonical\" href=\"https:\/\/imeka.ca\/fr\/conditions-dutilisation\/\" \/>\n<meta property=\"og:locale\" content=\"fr_FR\" \/>\n<meta property=\"og:type\" content=\"article\" \/>\n<meta property=\"og:title\" content=\"Conditions d\u2019utilisation | Imeka\" \/>\n<meta property=\"og:description\" content=\"Lire nos conditions d\u2019utilisation\" \/>\n<meta property=\"og:url\" content=\"https:\/\/imeka.ca\/fr\/conditions-dutilisation\/\" \/>\n<meta property=\"og:site_name\" content=\"Imeka\" \/>\n<meta property=\"article:modified_time\" content=\"2024-11-18T14:27:54+00:00\" \/>\n<meta property=\"og:image\" content=\"https:\/\/imeka.ca\/app\/uploads\/2022\/01\/700-x-1081_Header_homepage_2x-1.jpg\" \/>\n\t<meta property=\"og:image:width\" content=\"1400\" \/>\n\t<meta property=\"og:image:height\" content=\"2162\" \/>\n\t<meta property=\"og:image:type\" content=\"image\/jpeg\" \/>\n<meta name=\"twitter:card\" content=\"summary_large_image\" \/>\n<script type=\"application\/ld+json\" class=\"yoast-schema-graph\">{\"@context\":\"https:\/\/schema.org\",\"@graph\":[{\"@type\":\"WebPage\",\"@id\":\"https:\/\/imeka.ca\/fr\/conditions-dutilisation\/\",\"url\":\"https:\/\/imeka.ca\/fr\/conditions-dutilisation\/\",\"name\":\"Conditions d\u2019utilisation | Imeka\",\"isPartOf\":{\"@id\":\"https:\/\/imeka.ca\/fr\/#website\"},\"datePublished\":\"2021-12-07T02:17:58+00:00\",\"dateModified\":\"2024-11-18T14:27:54+00:00\",\"description\":\"Lire nos conditions d\u2019utilisation\",\"breadcrumb\":{\"@id\":\"https:\/\/imeka.ca\/fr\/conditions-dutilisation\/#breadcrumb\"},\"inLanguage\":\"fr-FR\",\"potentialAction\":[{\"@type\":\"ReadAction\",\"target\":[\"https:\/\/imeka.ca\/fr\/conditions-dutilisation\/\"]}]},{\"@type\":\"BreadcrumbList\",\"@id\":\"https:\/\/imeka.ca\/fr\/conditions-dutilisation\/#breadcrumb\",\"itemListElement\":[{\"@type\":\"ListItem\",\"position\":1,\"name\":\"Home\",\"item\":\"https:\/\/imeka.ca\/fr\/\"},{\"@type\":\"ListItem\",\"position\":2,\"name\":\"Conditions d&#8217;utilisation\"}]},{\"@type\":\"WebSite\",\"@id\":\"https:\/\/imeka.ca\/fr\/#website\",\"url\":\"https:\/\/imeka.ca\/fr\/\",\"name\":\"Imeka\",\"description\":\"\",\"potentialAction\":[{\"@type\":\"SearchAction\",\"target\":{\"@type\":\"EntryPoint\",\"urlTemplate\":\"https:\/\/imeka.ca\/fr\/?s={search_term_string}\"},\"query-input\":{\"@type\":\"PropertyValueSpecification\",\"valueRequired\":true,\"valueName\":\"search_term_string\"}}],\"inLanguage\":\"fr-FR\"}]}<\/script>\n<!-- \/ Yoast SEO plugin. -->","yoast_head_json":{"title":"Conditions d\u2019utilisation | Imeka","description":"Lire nos conditions d\u2019utilisation","robots":{"index":"index","follow":"follow","max-snippet":"max-snippet:-1","max-image-preview":"max-image-preview:large","max-video-preview":"max-video-preview:-1"},"canonical":"https:\/\/imeka.ca\/fr\/conditions-dutilisation\/","og_locale":"fr_FR","og_type":"article","og_title":"Conditions d\u2019utilisation | Imeka","og_description":"Lire nos conditions d\u2019utilisation","og_url":"https:\/\/imeka.ca\/fr\/conditions-dutilisation\/","og_site_name":"Imeka","article_modified_time":"2024-11-18T14:27:54+00:00","og_image":[{"width":1400,"height":2162,"url":"https:\/\/imeka.ca\/app\/uploads\/2022\/01\/700-x-1081_Header_homepage_2x-1.jpg","type":"image\/jpeg"}],"twitter_card":"summary_large_image","schema":{"@context":"https:\/\/schema.org","@graph":[{"@type":"WebPage","@id":"https:\/\/imeka.ca\/fr\/conditions-dutilisation\/","url":"https:\/\/imeka.ca\/fr\/conditions-dutilisation\/","name":"Conditions d\u2019utilisation | Imeka","isPartOf":{"@id":"https:\/\/imeka.ca\/fr\/#website"},"datePublished":"2021-12-07T02:17:58+00:00","dateModified":"2024-11-18T14:27:54+00:00","description":"Lire nos conditions d\u2019utilisation","breadcrumb":{"@id":"https:\/\/imeka.ca\/fr\/conditions-dutilisation\/#breadcrumb"},"inLanguage":"fr-FR","potentialAction":[{"@type":"ReadAction","target":["https:\/\/imeka.ca\/fr\/conditions-dutilisation\/"]}]},{"@type":"BreadcrumbList","@id":"https:\/\/imeka.ca\/fr\/conditions-dutilisation\/#breadcrumb","itemListElement":[{"@type":"ListItem","position":1,"name":"Home","item":"https:\/\/imeka.ca\/fr\/"},{"@type":"ListItem","position":2,"name":"Conditions d&#8217;utilisation"}]},{"@type":"WebSite","@id":"https:\/\/imeka.ca\/fr\/#website","url":"https:\/\/imeka.ca\/fr\/","name":"Imeka","description":"","potentialAction":[{"@type":"SearchAction","target":{"@type":"EntryPoint","urlTemplate":"https:\/\/imeka.ca\/fr\/?s={search_term_string}"},"query-input":{"@type":"PropertyValueSpecification","valueRequired":true,"valueName":"search_term_string"}}],"inLanguage":"fr-FR"}]}},"_links":{"self":[{"href":"https:\/\/imeka.ca\/fr\/wp-json\/wp\/v2\/pages\/1802","targetHints":{"allow":["GET"]}}],"collection":[{"href":"https:\/\/imeka.ca\/fr\/wp-json\/wp\/v2\/pages"}],"about":[{"href":"https:\/\/imeka.ca\/fr\/wp-json\/wp\/v2\/types\/page"}],"author":[{"embeddable":true,"href":"https:\/\/imeka.ca\/fr\/wp-json\/wp\/v2\/users\/1"}],"replies":[{"embeddable":true,"href":"https:\/\/imeka.ca\/fr\/wp-json\/wp\/v2\/comments?post=1802"}],"version-history":[{"count":36,"href":"https:\/\/imeka.ca\/fr\/wp-json\/wp\/v2\/pages\/1802\/revisions"}],"predecessor-version":[{"id":4080,"href":"https:\/\/imeka.ca\/fr\/wp-json\/wp\/v2\/pages\/1802\/revisions\/4080"}],"wp:attachment":[{"href":"https:\/\/imeka.ca\/fr\/wp-json\/wp\/v2\/media?parent=1802"}],"curies":[{"name":"wp","href":"https:\/\/api.w.org\/{rel}","templated":true}]}}